{"id":205144,"date":"2025-11-10T19:30:09","date_gmt":"2025-11-11T00:30:09","guid":{"rendered":"https:\/\/fightcolorectalcancer.org\/pacientes-y-cuidadores\/educacion-y-recursos\/ensayos-clinicos\/"},"modified":"2025-11-10T19:30:09","modified_gmt":"2025-11-11T00:30:09","slug":"ensayos-clinicos","status":"publish","type":"page","link":"https:\/\/fightcolorectalcancer.org\/es\/pacientes-y-cuidadores\/educacion-y-recursos\/ensayos-clinicos\/","title":{"rendered":"Ensayos cl\u00ednicos"},"content":{"rendered":"","protected":false},"excerpt":{"rendered":"<p>Recibe alertas por correo electr\u00f3nico sobre nuevos ensayos cl\u00ednicos, mira los \u00faltimos seminarios web centrados en ensayos y explora recursos que te ayuden a comprender tus opciones y a mantenerte informado.<\/p>\n","protected":false},"author":3,"featured_media":205143,"parent":205135,"menu_order":0,"comment_status":"closed","ping_status":"closed","template":"page-table-contents.php","meta":{"_acf_changed":false,"footnotes":""},"class_list":["post-205144","page","type-page","status-publish","has-post-thumbnail","hentry"],"acf":[],"yoast_head":"<!-- This site is optimized with the Yoast SEO plugin v27.2 - https:\/\/yoast.com\/product\/yoast-seo-wordpress\/ -->\n<title>Ensayos cl\u00ednicos - FightCRC<\/title>\n<meta name=\"robots\" content=\"index, follow, max-snippet:-1, max-image-preview:large, max-video-preview:-1\" \/>\n<link rel=\"canonical\" href=\"https:\/\/fightcolorectalcancer.org\/es\/pacientes-y-cuidadores\/educacion-y-recursos\/ensayos-clinicos\/\" \/>\n<meta property=\"og:locale\" content=\"es_ES\" \/>\n<meta property=\"og:type\" content=\"article\" \/>\n<meta property=\"og:title\" content=\"Ensayos cl\u00ednicos - FightCRC\" \/>\n<meta property=\"og:description\" content=\"Recibe alertas por correo electr\u00f3nico sobre nuevos ensayos cl\u00ednicos, mira los \u00faltimos seminarios web centrados en ensayos y explora recursos que te ayuden a comprender tus opciones y a mantenerte informado.\" \/>\n<meta property=\"og:url\" content=\"https:\/\/fightcolorectalcancer.org\/es\/pacientes-y-cuidadores\/educacion-y-recursos\/ensayos-clinicos\/\" \/>\n<meta property=\"og:site_name\" content=\"FightCRC\" \/>\n<meta property=\"article:publisher\" content=\"https:\/\/www.facebook.com\/FightCRC\/\" \/>\n<meta property=\"og:image\" content=\"https:\/\/fightcolorectalcancer.org\/wp-content\/uploads\/2025\/11\/2019_Promega_RATS-40-1-scaled.jpg\" \/>\n\t<meta property=\"og:image:width\" content=\"2560\" \/>\n\t<meta property=\"og:image:height\" content=\"1707\" \/>\n\t<meta property=\"og:image:type\" content=\"image\/jpeg\" \/>\n<meta name=\"twitter:card\" content=\"summary_large_image\" \/>\n<meta name=\"twitter:site\" content=\"@fightcrc\" \/>\n<script type=\"application\/ld+json\" class=\"yoast-schema-graph\">{\"@context\":\"https:\/\/schema.org\",\"@graph\":[{\"@type\":\"WebPage\",\"@id\":\"https:\/\/fightcolorectalcancer.org\/es\/pacientes-y-cuidadores\/educacion-y-recursos\/ensayos-clinicos\/\",\"url\":\"https:\/\/fightcolorectalcancer.org\/es\/pacientes-y-cuidadores\/educacion-y-recursos\/ensayos-clinicos\/\",\"name\":\"Ensayos cl\u00ednicos - FightCRC\",\"isPartOf\":{\"@id\":\"https:\/\/fightcolorectalcancer.org\/es\/#website\"},\"primaryImageOfPage\":{\"@id\":\"https:\/\/fightcolorectalcancer.org\/es\/pacientes-y-cuidadores\/educacion-y-recursos\/ensayos-clinicos\/#primaryimage\"},\"image\":{\"@id\":\"https:\/\/fightcolorectalcancer.org\/es\/pacientes-y-cuidadores\/educacion-y-recursos\/ensayos-clinicos\/#primaryimage\"},\"thumbnailUrl\":\"https:\/\/fightcolorectalcancer.org\/wp-content\/uploads\/2025\/11\/2019_Promega_RATS-40-1-scaled.jpg\",\"datePublished\":\"2025-11-11T00:30:09+00:00\",\"breadcrumb\":{\"@id\":\"https:\/\/fightcolorectalcancer.org\/es\/pacientes-y-cuidadores\/educacion-y-recursos\/ensayos-clinicos\/#breadcrumb\"},\"inLanguage\":\"es\",\"potentialAction\":[{\"@type\":\"ReadAction\",\"target\":[\"https:\/\/fightcolorectalcancer.org\/es\/pacientes-y-cuidadores\/educacion-y-recursos\/ensayos-clinicos\/\"]}]},{\"@type\":\"ImageObject\",\"inLanguage\":\"es\",\"@id\":\"https:\/\/fightcolorectalcancer.org\/es\/pacientes-y-cuidadores\/educacion-y-recursos\/ensayos-clinicos\/#primaryimage\",\"url\":\"https:\/\/fightcolorectalcancer.org\/wp-content\/uploads\/2025\/11\/2019_Promega_RATS-40-1-scaled.jpg\",\"contentUrl\":\"https:\/\/fightcolorectalcancer.org\/wp-content\/uploads\/2025\/11\/2019_Promega_RATS-40-1-scaled.jpg\",\"width\":2560,\"height\":1707},{\"@type\":\"BreadcrumbList\",\"@id\":\"https:\/\/fightcolorectalcancer.org\/es\/pacientes-y-cuidadores\/educacion-y-recursos\/ensayos-clinicos\/#breadcrumb\",\"itemListElement\":[{\"@type\":\"ListItem\",\"position\":1,\"name\":\"P\u00e1gina de inicio\",\"item\":\"https:\/\/fightcolorectalcancer.org\/es\/\"},{\"@type\":\"ListItem\",\"position\":2,\"name\":\"Pacientes y cuidadores\",\"item\":\"https:\/\/fightcolorectalcancer.org\/es\/pacientes-y-cuidadores\/\"},{\"@type\":\"ListItem\",\"position\":3,\"name\":\"Educaci\u00f3n y recursos\",\"item\":\"https:\/\/fightcolorectalcancer.org\/es\/pacientes-y-cuidadores\/educacion-y-recursos\/\"},{\"@type\":\"ListItem\",\"position\":4,\"name\":\"Ensayos cl\u00ednicos\"}]},{\"@type\":\"WebSite\",\"@id\":\"https:\/\/fightcolorectalcancer.org\/es\/#website\",\"url\":\"https:\/\/fightcolorectalcancer.org\/es\/\",\"name\":\"Fight Colorectal Cancer\",\"description\":\"\",\"publisher\":{\"@id\":\"https:\/\/fightcolorectalcancer.org\/es\/#organization\"},\"potentialAction\":[{\"@type\":\"SearchAction\",\"target\":{\"@type\":\"EntryPoint\",\"urlTemplate\":\"https:\/\/fightcolorectalcancer.org\/es\/?s={search_term_string}\"},\"query-input\":{\"@type\":\"PropertyValueSpecification\",\"valueRequired\":true,\"valueName\":\"search_term_string\"}}],\"inLanguage\":\"es\"},{\"@type\":\"Organization\",\"@id\":\"https:\/\/fightcolorectalcancer.org\/es\/#organization\",\"name\":\"Fight Colorectal Cancer\",\"url\":\"https:\/\/fightcolorectalcancer.org\/es\/\",\"logo\":{\"@type\":\"ImageObject\",\"inLanguage\":\"es\",\"@id\":\"https:\/\/fightcolorectalcancer.org\/es\/#\/schema\/logo\/image\/\",\"url\":\"https:\/\/fightcolorectalcancer.org\/wp-content\/uploads\/2025\/10\/e64f86851297bb53f096acdf76c859a294e23b96-1-1.png\",\"contentUrl\":\"https:\/\/fightcolorectalcancer.org\/wp-content\/uploads\/2025\/10\/e64f86851297bb53f096acdf76c859a294e23b96-1-1.png\",\"width\":1265,\"height\":450,\"caption\":\"Fight Colorectal Cancer\"},\"image\":{\"@id\":\"https:\/\/fightcolorectalcancer.org\/es\/#\/schema\/logo\/image\/\"},\"sameAs\":[\"https:\/\/www.facebook.com\/FightCRC\/\",\"https:\/\/x.com\/fightcrc\",\"https:\/\/www.instagram.com\/fightcrc\/\",\"https:\/\/www.youtube.com\/@FightCRC\",\"https:\/\/www.tiktok.com\/@fightcrc\",\"https:\/\/www.linkedin.com\/company\/fight-colorectal-cancer\/\",\"https:\/\/bsky.app\/profile\/fightcrc.bsky.social\"]}]}<\/script>\n<!-- \/ Yoast SEO plugin. -->","yoast_head_json":{"title":"Ensayos cl\u00ednicos - FightCRC","robots":{"index":"index","follow":"follow","max-snippet":"max-snippet:-1","max-image-preview":"max-image-preview:large","max-video-preview":"max-video-preview:-1"},"canonical":"https:\/\/fightcolorectalcancer.org\/es\/pacientes-y-cuidadores\/educacion-y-recursos\/ensayos-clinicos\/","og_locale":"es_ES","og_type":"article","og_title":"Ensayos cl\u00ednicos - FightCRC","og_description":"Recibe alertas por correo electr\u00f3nico sobre nuevos ensayos cl\u00ednicos, mira los \u00faltimos seminarios web centrados en ensayos y explora recursos que te ayuden a comprender tus opciones y a mantenerte informado.","og_url":"https:\/\/fightcolorectalcancer.org\/es\/pacientes-y-cuidadores\/educacion-y-recursos\/ensayos-clinicos\/","og_site_name":"FightCRC","article_publisher":"https:\/\/www.facebook.com\/FightCRC\/","og_image":[{"width":2560,"height":1707,"url":"https:\/\/fightcolorectalcancer.org\/wp-content\/uploads\/2025\/11\/2019_Promega_RATS-40-1-scaled.jpg","type":"image\/jpeg"}],"twitter_card":"summary_large_image","twitter_site":"@fightcrc","schema":{"@context":"https:\/\/schema.org","@graph":[{"@type":"WebPage","@id":"https:\/\/fightcolorectalcancer.org\/es\/pacientes-y-cuidadores\/educacion-y-recursos\/ensayos-clinicos\/","url":"https:\/\/fightcolorectalcancer.org\/es\/pacientes-y-cuidadores\/educacion-y-recursos\/ensayos-clinicos\/","name":"Ensayos cl\u00ednicos - FightCRC","isPartOf":{"@id":"https:\/\/fightcolorectalcancer.org\/es\/#website"},"primaryImageOfPage":{"@id":"https:\/\/fightcolorectalcancer.org\/es\/pacientes-y-cuidadores\/educacion-y-recursos\/ensayos-clinicos\/#primaryimage"},"image":{"@id":"https:\/\/fightcolorectalcancer.org\/es\/pacientes-y-cuidadores\/educacion-y-recursos\/ensayos-clinicos\/#primaryimage"},"thumbnailUrl":"https:\/\/fightcolorectalcancer.org\/wp-content\/uploads\/2025\/11\/2019_Promega_RATS-40-1-scaled.jpg","datePublished":"2025-11-11T00:30:09+00:00","breadcrumb":{"@id":"https:\/\/fightcolorectalcancer.org\/es\/pacientes-y-cuidadores\/educacion-y-recursos\/ensayos-clinicos\/#breadcrumb"},"inLanguage":"es","potentialAction":[{"@type":"ReadAction","target":["https:\/\/fightcolorectalcancer.org\/es\/pacientes-y-cuidadores\/educacion-y-recursos\/ensayos-clinicos\/"]}]},{"@type":"ImageObject","inLanguage":"es","@id":"https:\/\/fightcolorectalcancer.org\/es\/pacientes-y-cuidadores\/educacion-y-recursos\/ensayos-clinicos\/#primaryimage","url":"https:\/\/fightcolorectalcancer.org\/wp-content\/uploads\/2025\/11\/2019_Promega_RATS-40-1-scaled.jpg","contentUrl":"https:\/\/fightcolorectalcancer.org\/wp-content\/uploads\/2025\/11\/2019_Promega_RATS-40-1-scaled.jpg","width":2560,"height":1707},{"@type":"BreadcrumbList","@id":"https:\/\/fightcolorectalcancer.org\/es\/pacientes-y-cuidadores\/educacion-y-recursos\/ensayos-clinicos\/#breadcrumb","itemListElement":[{"@type":"ListItem","position":1,"name":"P\u00e1gina de inicio","item":"https:\/\/fightcolorectalcancer.org\/es\/"},{"@type":"ListItem","position":2,"name":"Pacientes y cuidadores","item":"https:\/\/fightcolorectalcancer.org\/es\/pacientes-y-cuidadores\/"},{"@type":"ListItem","position":3,"name":"Educaci\u00f3n y recursos","item":"https:\/\/fightcolorectalcancer.org\/es\/pacientes-y-cuidadores\/educacion-y-recursos\/"},{"@type":"ListItem","position":4,"name":"Ensayos cl\u00ednicos"}]},{"@type":"WebSite","@id":"https:\/\/fightcolorectalcancer.org\/es\/#website","url":"https:\/\/fightcolorectalcancer.org\/es\/","name":"Fight Colorectal Cancer","description":"","publisher":{"@id":"https:\/\/fightcolorectalcancer.org\/es\/#organization"},"potentialAction":[{"@type":"SearchAction","target":{"@type":"EntryPoint","urlTemplate":"https:\/\/fightcolorectalcancer.org\/es\/?s={search_term_string}"},"query-input":{"@type":"PropertyValueSpecification","valueRequired":true,"valueName":"search_term_string"}}],"inLanguage":"es"},{"@type":"Organization","@id":"https:\/\/fightcolorectalcancer.org\/es\/#organization","name":"Fight Colorectal Cancer","url":"https:\/\/fightcolorectalcancer.org\/es\/","logo":{"@type":"ImageObject","inLanguage":"es","@id":"https:\/\/fightcolorectalcancer.org\/es\/#\/schema\/logo\/image\/","url":"https:\/\/fightcolorectalcancer.org\/wp-content\/uploads\/2025\/10\/e64f86851297bb53f096acdf76c859a294e23b96-1-1.png","contentUrl":"https:\/\/fightcolorectalcancer.org\/wp-content\/uploads\/2025\/10\/e64f86851297bb53f096acdf76c859a294e23b96-1-1.png","width":1265,"height":450,"caption":"Fight Colorectal Cancer"},"image":{"@id":"https:\/\/fightcolorectalcancer.org\/es\/#\/schema\/logo\/image\/"},"sameAs":["https:\/\/www.facebook.com\/FightCRC\/","https:\/\/x.com\/fightcrc","https:\/\/www.instagram.com\/fightcrc\/","https:\/\/www.youtube.com\/@FightCRC","https:\/\/www.tiktok.com\/@fightcrc","https:\/\/www.linkedin.com\/company\/fight-colorectal-cancer\/","https:\/\/bsky.app\/profile\/fightcrc.bsky.social"]}]}},"_links":{"self":[{"href":"https:\/\/fightcolorectalcancer.org\/es\/wp-json\/wp\/v2\/pages\/205144","targetHints":{"allow":["GET"]}}],"collection":[{"href":"https:\/\/fightcolorectalcancer.org\/es\/wp-json\/wp\/v2\/pages"}],"about":[{"href":"https:\/\/fightcolorectalcancer.org\/es\/wp-json\/wp\/v2\/types\/page"}],"author":[{"embeddable":true,"href":"https:\/\/fightcolorectalcancer.org\/es\/wp-json\/wp\/v2\/users\/3"}],"replies":[{"embeddable":true,"href":"https:\/\/fightcolorectalcancer.org\/es\/wp-json\/wp\/v2\/comments?post=205144"}],"version-history":[{"count":0,"href":"https:\/\/fightcolorectalcancer.org\/es\/wp-json\/wp\/v2\/pages\/205144\/revisions"}],"up":[{"embeddable":true,"href":"https:\/\/fightcolorectalcancer.org\/es\/wp-json\/wp\/v2\/pages\/205135"}],"wp:featuredmedia":[{"embeddable":true,"href":"https:\/\/fightcolorectalcancer.org\/es\/wp-json\/wp\/v2\/media\/205143"}],"wp:attachment":[{"href":"https:\/\/fightcolorectalcancer.org\/es\/wp-json\/wp\/v2\/media?parent=205144"}],"curies":[{"name":"wp","href":"https:\/\/api.w.org\/{rel}","templated":true}]}}