{"id":205170,"date":"2025-11-10T19:27:48","date_gmt":"2025-11-11T00:27:48","guid":{"rendered":"https:\/\/fightcolorectalcancer.org\/pacientes-y-cuidadores\/educacion-y-recursos\/pruebas-diagnosticas-y-escaneres\/"},"modified":"2025-11-10T19:27:48","modified_gmt":"2025-11-11T00:27:48","slug":"pruebas-diagnosticas-y-escaneres","status":"publish","type":"page","link":"https:\/\/fightcolorectalcancer.org\/es\/pacientes-y-cuidadores\/educacion-y-recursos\/pruebas-diagnosticas-y-escaneres\/","title":{"rendered":"Pruebas diagn\u00f3sticas y esc\u00e1neres"},"content":{"rendered":"","protected":false},"excerpt":{"rendered":"<p>Las pruebas diagn\u00f3sticas -desde las anal\u00edticas y patol\u00f3gicas hasta los estudios de biomarcadores, gen\u00e9ticos y de imagen- trabajan conjuntamente para confirmar tu diagn\u00f3stico e informar de los siguientes pasos.<\/p>\n","protected":false},"author":3,"featured_media":205147,"parent":205135,"menu_order":0,"comment_status":"closed","ping_status":"closed","template":"page-topic-hub.php","meta":{"_acf_changed":false,"footnotes":""},"class_list":["post-205170","page","type-page","status-publish","has-post-thumbnail","hentry"],"acf":[],"yoast_head":"<!-- This site is optimized with the Yoast SEO plugin v27.2 - https:\/\/yoast.com\/product\/yoast-seo-wordpress\/ -->\n<title>Pruebas diagn\u00f3sticas y esc\u00e1neres - FightCRC<\/title>\n<meta name=\"robots\" content=\"index, follow, max-snippet:-1, max-image-preview:large, max-video-preview:-1\" \/>\n<link rel=\"canonical\" href=\"https:\/\/fightcolorectalcancer.org\/es\/pacientes-y-cuidadores\/educacion-y-recursos\/pruebas-diagnosticas-y-escaneres\/\" \/>\n<meta property=\"og:locale\" content=\"es_ES\" \/>\n<meta property=\"og:type\" content=\"article\" \/>\n<meta property=\"og:title\" content=\"Pruebas diagn\u00f3sticas y esc\u00e1neres - FightCRC\" \/>\n<meta property=\"og:description\" content=\"Las pruebas diagn\u00f3sticas -desde las anal\u00edticas y patol\u00f3gicas hasta los estudios de biomarcadores, gen\u00e9ticos y de imagen- trabajan conjuntamente para confirmar tu diagn\u00f3stico e informar de los siguientes pasos.\" \/>\n<meta property=\"og:url\" content=\"https:\/\/fightcolorectalcancer.org\/es\/pacientes-y-cuidadores\/educacion-y-recursos\/pruebas-diagnosticas-y-escaneres\/\" \/>\n<meta property=\"og:site_name\" content=\"FightCRC\" \/>\n<meta property=\"og:image\" content=\"https:\/\/fightcolorectalcancer.org\/wp-content\/uploads\/2025\/11\/2019_Promega_RATS-22-scaled.jpg\" \/>\n\t<meta property=\"og:image:width\" content=\"2560\" \/>\n\t<meta property=\"og:image:height\" content=\"1707\" \/>\n\t<meta property=\"og:image:type\" content=\"image\/jpeg\" \/>\n<meta name=\"twitter:card\" content=\"summary_large_image\" \/>\n<script type=\"application\/ld+json\" class=\"yoast-schema-graph\">{\"@context\":\"https:\/\/schema.org\",\"@graph\":[{\"@type\":\"WebPage\",\"@id\":\"https:\/\/fightcolorectalcancer.org\/es\/pacientes-y-cuidadores\/educacion-y-recursos\/pruebas-diagnosticas-y-escaneres\/\",\"url\":\"https:\/\/fightcolorectalcancer.org\/es\/pacientes-y-cuidadores\/educacion-y-recursos\/pruebas-diagnosticas-y-escaneres\/\",\"name\":\"Pruebas diagn\u00f3sticas y esc\u00e1neres - FightCRC\",\"isPartOf\":{\"@id\":\"https:\/\/fightcolorectalcancer.org\/es\/#website\"},\"primaryImageOfPage\":{\"@id\":\"https:\/\/fightcolorectalcancer.org\/es\/pacientes-y-cuidadores\/educacion-y-recursos\/pruebas-diagnosticas-y-escaneres\/#primaryimage\"},\"image\":{\"@id\":\"https:\/\/fightcolorectalcancer.org\/es\/pacientes-y-cuidadores\/educacion-y-recursos\/pruebas-diagnosticas-y-escaneres\/#primaryimage\"},\"thumbnailUrl\":\"https:\/\/fightcolorectalcancer.org\/wp-content\/uploads\/2025\/11\/2019_Promega_RATS-22-scaled.jpg\",\"datePublished\":\"2025-11-11T00:27:48+00:00\",\"breadcrumb\":{\"@id\":\"https:\/\/fightcolorectalcancer.org\/es\/pacientes-y-cuidadores\/educacion-y-recursos\/pruebas-diagnosticas-y-escaneres\/#breadcrumb\"},\"inLanguage\":\"es\",\"potentialAction\":[{\"@type\":\"ReadAction\",\"target\":[\"https:\/\/fightcolorectalcancer.org\/es\/pacientes-y-cuidadores\/educacion-y-recursos\/pruebas-diagnosticas-y-escaneres\/\"]}]},{\"@type\":\"ImageObject\",\"inLanguage\":\"es\",\"@id\":\"https:\/\/fightcolorectalcancer.org\/es\/pacientes-y-cuidadores\/educacion-y-recursos\/pruebas-diagnosticas-y-escaneres\/#primaryimage\",\"url\":\"https:\/\/fightcolorectalcancer.org\/wp-content\/uploads\/2025\/11\/2019_Promega_RATS-22-scaled.jpg\",\"contentUrl\":\"https:\/\/fightcolorectalcancer.org\/wp-content\/uploads\/2025\/11\/2019_Promega_RATS-22-scaled.jpg\",\"width\":2560,\"height\":1707},{\"@type\":\"BreadcrumbList\",\"@id\":\"https:\/\/fightcolorectalcancer.org\/es\/pacientes-y-cuidadores\/educacion-y-recursos\/pruebas-diagnosticas-y-escaneres\/#breadcrumb\",\"itemListElement\":[{\"@type\":\"ListItem\",\"position\":1,\"name\":\"P\u00e1gina de inicio\",\"item\":\"https:\/\/fightcolorectalcancer.org\/es\/\"},{\"@type\":\"ListItem\",\"position\":2,\"name\":\"Pacientes y cuidadores\",\"item\":\"https:\/\/fightcolorectalcancer.org\/es\/pacientes-y-cuidadores\/\"},{\"@type\":\"ListItem\",\"position\":3,\"name\":\"Educaci\u00f3n y recursos\",\"item\":\"https:\/\/fightcolorectalcancer.org\/es\/pacientes-y-cuidadores\/educacion-y-recursos\/\"},{\"@type\":\"ListItem\",\"position\":4,\"name\":\"Pruebas diagn\u00f3sticas y esc\u00e1neres\"}]},{\"@type\":\"WebSite\",\"@id\":\"https:\/\/fightcolorectalcancer.org\/es\/#website\",\"url\":\"https:\/\/fightcolorectalcancer.org\/es\/\",\"name\":\"FightCRC\",\"description\":\"\",\"publisher\":{\"@id\":\"https:\/\/fightcolorectalcancer.org\/es\/#organization\"},\"potentialAction\":[{\"@type\":\"SearchAction\",\"target\":{\"@type\":\"EntryPoint\",\"urlTemplate\":\"https:\/\/fightcolorectalcancer.org\/es\/?s={search_term_string}\"},\"query-input\":{\"@type\":\"PropertyValueSpecification\",\"valueRequired\":true,\"valueName\":\"search_term_string\"}}],\"inLanguage\":\"es\"},{\"@type\":\"Organization\",\"@id\":\"https:\/\/fightcolorectalcancer.org\/es\/#organization\",\"name\":\"FightCRC\",\"url\":\"https:\/\/fightcolorectalcancer.org\/es\/\",\"logo\":{\"@type\":\"ImageObject\",\"inLanguage\":\"es\",\"@id\":\"https:\/\/fightcolorectalcancer.org\/es\/#\/schema\/logo\/image\/\",\"url\":\"https:\/\/fightcolorectalcancer.org\/wp-content\/uploads\/2025\/10\/e64f86851297bb53f096acdf76c859a294e23b96-1-1.png\",\"contentUrl\":\"https:\/\/fightcolorectalcancer.org\/wp-content\/uploads\/2025\/10\/e64f86851297bb53f096acdf76c859a294e23b96-1-1.png\",\"width\":1265,\"height\":450,\"caption\":\"FightCRC\"},\"image\":{\"@id\":\"https:\/\/fightcolorectalcancer.org\/es\/#\/schema\/logo\/image\/\"}}]}<\/script>\n<!-- \/ Yoast SEO plugin. -->","yoast_head_json":{"title":"Pruebas diagn\u00f3sticas y esc\u00e1neres - FightCRC","robots":{"index":"index","follow":"follow","max-snippet":"max-snippet:-1","max-image-preview":"max-image-preview:large","max-video-preview":"max-video-preview:-1"},"canonical":"https:\/\/fightcolorectalcancer.org\/es\/pacientes-y-cuidadores\/educacion-y-recursos\/pruebas-diagnosticas-y-escaneres\/","og_locale":"es_ES","og_type":"article","og_title":"Pruebas diagn\u00f3sticas y esc\u00e1neres - FightCRC","og_description":"Las pruebas diagn\u00f3sticas -desde las anal\u00edticas y patol\u00f3gicas hasta los estudios de biomarcadores, gen\u00e9ticos y de imagen- trabajan conjuntamente para confirmar tu diagn\u00f3stico e informar de los siguientes pasos.","og_url":"https:\/\/fightcolorectalcancer.org\/es\/pacientes-y-cuidadores\/educacion-y-recursos\/pruebas-diagnosticas-y-escaneres\/","og_site_name":"FightCRC","og_image":[{"width":2560,"height":1707,"url":"https:\/\/fightcolorectalcancer.org\/wp-content\/uploads\/2025\/11\/2019_Promega_RATS-22-scaled.jpg","type":"image\/jpeg"}],"twitter_card":"summary_large_image","schema":{"@context":"https:\/\/schema.org","@graph":[{"@type":"WebPage","@id":"https:\/\/fightcolorectalcancer.org\/es\/pacientes-y-cuidadores\/educacion-y-recursos\/pruebas-diagnosticas-y-escaneres\/","url":"https:\/\/fightcolorectalcancer.org\/es\/pacientes-y-cuidadores\/educacion-y-recursos\/pruebas-diagnosticas-y-escaneres\/","name":"Pruebas diagn\u00f3sticas y esc\u00e1neres - FightCRC","isPartOf":{"@id":"https:\/\/fightcolorectalcancer.org\/es\/#website"},"primaryImageOfPage":{"@id":"https:\/\/fightcolorectalcancer.org\/es\/pacientes-y-cuidadores\/educacion-y-recursos\/pruebas-diagnosticas-y-escaneres\/#primaryimage"},"image":{"@id":"https:\/\/fightcolorectalcancer.org\/es\/pacientes-y-cuidadores\/educacion-y-recursos\/pruebas-diagnosticas-y-escaneres\/#primaryimage"},"thumbnailUrl":"https:\/\/fightcolorectalcancer.org\/wp-content\/uploads\/2025\/11\/2019_Promega_RATS-22-scaled.jpg","datePublished":"2025-11-11T00:27:48+00:00","breadcrumb":{"@id":"https:\/\/fightcolorectalcancer.org\/es\/pacientes-y-cuidadores\/educacion-y-recursos\/pruebas-diagnosticas-y-escaneres\/#breadcrumb"},"inLanguage":"es","potentialAction":[{"@type":"ReadAction","target":["https:\/\/fightcolorectalcancer.org\/es\/pacientes-y-cuidadores\/educacion-y-recursos\/pruebas-diagnosticas-y-escaneres\/"]}]},{"@type":"ImageObject","inLanguage":"es","@id":"https:\/\/fightcolorectalcancer.org\/es\/pacientes-y-cuidadores\/educacion-y-recursos\/pruebas-diagnosticas-y-escaneres\/#primaryimage","url":"https:\/\/fightcolorectalcancer.org\/wp-content\/uploads\/2025\/11\/2019_Promega_RATS-22-scaled.jpg","contentUrl":"https:\/\/fightcolorectalcancer.org\/wp-content\/uploads\/2025\/11\/2019_Promega_RATS-22-scaled.jpg","width":2560,"height":1707},{"@type":"BreadcrumbList","@id":"https:\/\/fightcolorectalcancer.org\/es\/pacientes-y-cuidadores\/educacion-y-recursos\/pruebas-diagnosticas-y-escaneres\/#breadcrumb","itemListElement":[{"@type":"ListItem","position":1,"name":"P\u00e1gina de inicio","item":"https:\/\/fightcolorectalcancer.org\/es\/"},{"@type":"ListItem","position":2,"name":"Pacientes y cuidadores","item":"https:\/\/fightcolorectalcancer.org\/es\/pacientes-y-cuidadores\/"},{"@type":"ListItem","position":3,"name":"Educaci\u00f3n y recursos","item":"https:\/\/fightcolorectalcancer.org\/es\/pacientes-y-cuidadores\/educacion-y-recursos\/"},{"@type":"ListItem","position":4,"name":"Pruebas diagn\u00f3sticas y esc\u00e1neres"}]},{"@type":"WebSite","@id":"https:\/\/fightcolorectalcancer.org\/es\/#website","url":"https:\/\/fightcolorectalcancer.org\/es\/","name":"FightCRC","description":"","publisher":{"@id":"https:\/\/fightcolorectalcancer.org\/es\/#organization"},"potentialAction":[{"@type":"SearchAction","target":{"@type":"EntryPoint","urlTemplate":"https:\/\/fightcolorectalcancer.org\/es\/?s={search_term_string}"},"query-input":{"@type":"PropertyValueSpecification","valueRequired":true,"valueName":"search_term_string"}}],"inLanguage":"es"},{"@type":"Organization","@id":"https:\/\/fightcolorectalcancer.org\/es\/#organization","name":"FightCRC","url":"https:\/\/fightcolorectalcancer.org\/es\/","logo":{"@type":"ImageObject","inLanguage":"es","@id":"https:\/\/fightcolorectalcancer.org\/es\/#\/schema\/logo\/image\/","url":"https:\/\/fightcolorectalcancer.org\/wp-content\/uploads\/2025\/10\/e64f86851297bb53f096acdf76c859a294e23b96-1-1.png","contentUrl":"https:\/\/fightcolorectalcancer.org\/wp-content\/uploads\/2025\/10\/e64f86851297bb53f096acdf76c859a294e23b96-1-1.png","width":1265,"height":450,"caption":"FightCRC"},"image":{"@id":"https:\/\/fightcolorectalcancer.org\/es\/#\/schema\/logo\/image\/"}}]}},"_links":{"self":[{"href":"https:\/\/fightcolorectalcancer.org\/es\/wp-json\/wp\/v2\/pages\/205170","targetHints":{"allow":["GET"]}}],"collection":[{"href":"https:\/\/fightcolorectalcancer.org\/es\/wp-json\/wp\/v2\/pages"}],"about":[{"href":"https:\/\/fightcolorectalcancer.org\/es\/wp-json\/wp\/v2\/types\/page"}],"author":[{"embeddable":true,"href":"https:\/\/fightcolorectalcancer.org\/es\/wp-json\/wp\/v2\/users\/3"}],"replies":[{"embeddable":true,"href":"https:\/\/fightcolorectalcancer.org\/es\/wp-json\/wp\/v2\/comments?post=205170"}],"version-history":[{"count":0,"href":"https:\/\/fightcolorectalcancer.org\/es\/wp-json\/wp\/v2\/pages\/205170\/revisions"}],"up":[{"embeddable":true,"href":"https:\/\/fightcolorectalcancer.org\/es\/wp-json\/wp\/v2\/pages\/205135"}],"wp:featuredmedia":[{"embeddable":true,"href":"https:\/\/fightcolorectalcancer.org\/es\/wp-json\/wp\/v2\/media\/205147"}],"wp:attachment":[{"href":"https:\/\/fightcolorectalcancer.org\/es\/wp-json\/wp\/v2\/media?parent=205170"}],"curies":[{"name":"wp","href":"https:\/\/api.w.org\/{rel}","templated":true}]}}