{"id":205242,"date":"2025-11-10T19:55:23","date_gmt":"2025-11-11T00:55:23","guid":{"rendered":"https:\/\/fightcolorectalcancer.org\/acerca-del-cancer-colorrectal\/cribado-y-deteccion-precoz\/"},"modified":"2025-11-10T19:55:23","modified_gmt":"2025-11-11T00:55:23","slug":"cribado-y-deteccion-precoz","status":"publish","type":"page","link":"https:\/\/fightcolorectalcancer.org\/es\/acerca-del-cancer-colorrectal\/cribado-y-deteccion-precoz\/","title":{"rendered":"Cribado y detecci\u00f3n precoz"},"content":{"rendered":"","protected":false},"excerpt":{"rendered":"<p>Obt\u00e9n una orientaci\u00f3n clara sobre el cribado y la detecci\u00f3n precoz: qu\u00e9 pruebas son adecuadas para ti, cu\u00e1ndo programarlas, c\u00f3mo prepararte para una colonoscopia y la cobertura del seguro.  <\/p>\n","protected":false},"author":3,"featured_media":205244,"parent":205240,"menu_order":0,"comment_status":"closed","ping_status":"closed","template":"page-topic-hub.php","meta":{"_acf_changed":false,"footnotes":""},"class_list":["post-205242","page","type-page","status-publish","has-post-thumbnail","hentry"],"acf":[],"yoast_head":"<!-- This site is optimized with the Yoast SEO plugin v27.4 - https:\/\/yoast.com\/product\/yoast-seo-wordpress\/ -->\n<title>Cribado y detecci\u00f3n precoz - FightCRC<\/title>\n<meta name=\"robots\" content=\"index, follow, max-snippet:-1, max-image-preview:large, max-video-preview:-1\" \/>\n<link rel=\"canonical\" href=\"https:\/\/fightcolorectalcancer.org\/es\/acerca-del-cancer-colorrectal\/cribado-y-deteccion-precoz\/\" \/>\n<meta property=\"og:locale\" content=\"es_ES\" \/>\n<meta property=\"og:type\" content=\"article\" \/>\n<meta property=\"og:title\" content=\"Cribado y detecci\u00f3n precoz - FightCRC\" \/>\n<meta property=\"og:description\" content=\"Obt\u00e9n una orientaci\u00f3n clara sobre el cribado y la detecci\u00f3n precoz: qu\u00e9 pruebas son adecuadas para ti, cu\u00e1ndo programarlas, c\u00f3mo prepararte para una colonoscopia y la cobertura del seguro.\" \/>\n<meta property=\"og:url\" content=\"https:\/\/fightcolorectalcancer.org\/es\/acerca-del-cancer-colorrectal\/cribado-y-deteccion-precoz\/\" \/>\n<meta property=\"og:site_name\" content=\"FightCRC\" \/>\n<meta property=\"article:publisher\" content=\"https:\/\/www.facebook.com\/FightCRC\/\" \/>\n<meta property=\"og:image\" content=\"https:\/\/fightcolorectalcancer.org\/wp-content\/uploads\/2025\/11\/AdobeStock_381482896-1024x683.jpeg\" \/>\n\t<meta property=\"og:image:width\" content=\"1024\" \/>\n\t<meta property=\"og:image:height\" content=\"683\" \/>\n\t<meta property=\"og:image:type\" content=\"image\/jpeg\" \/>\n<meta name=\"twitter:card\" content=\"summary_large_image\" \/>\n<meta name=\"twitter:site\" content=\"@fightcrc\" \/>\n<script type=\"application\/ld+json\" class=\"yoast-schema-graph\">{\"@context\":\"https:\\\/\\\/schema.org\",\"@graph\":[{\"@type\":\"WebPage\",\"@id\":\"https:\\\/\\\/fightcolorectalcancer.org\\\/es\\\/acerca-del-cancer-colorrectal\\\/cribado-y-deteccion-precoz\\\/\",\"url\":\"https:\\\/\\\/fightcolorectalcancer.org\\\/es\\\/acerca-del-cancer-colorrectal\\\/cribado-y-deteccion-precoz\\\/\",\"name\":\"Cribado y detecci\u00f3n precoz - FightCRC\",\"isPartOf\":{\"@id\":\"https:\\\/\\\/fightcolorectalcancer.org\\\/es\\\/#website\"},\"primaryImageOfPage\":{\"@id\":\"https:\\\/\\\/fightcolorectalcancer.org\\\/es\\\/acerca-del-cancer-colorrectal\\\/cribado-y-deteccion-precoz\\\/#primaryimage\"},\"image\":{\"@id\":\"https:\\\/\\\/fightcolorectalcancer.org\\\/es\\\/acerca-del-cancer-colorrectal\\\/cribado-y-deteccion-precoz\\\/#primaryimage\"},\"thumbnailUrl\":\"https:\\\/\\\/fightcolorectalcancer.org\\\/wp-content\\\/uploads\\\/2025\\\/11\\\/AdobeStock_381482896.jpeg\",\"datePublished\":\"2025-11-11T00:55:23+00:00\",\"breadcrumb\":{\"@id\":\"https:\\\/\\\/fightcolorectalcancer.org\\\/es\\\/acerca-del-cancer-colorrectal\\\/cribado-y-deteccion-precoz\\\/#breadcrumb\"},\"inLanguage\":\"es\",\"potentialAction\":[{\"@type\":\"ReadAction\",\"target\":[\"https:\\\/\\\/fightcolorectalcancer.org\\\/es\\\/acerca-del-cancer-colorrectal\\\/cribado-y-deteccion-precoz\\\/\"]}]},{\"@type\":\"ImageObject\",\"inLanguage\":\"es\",\"@id\":\"https:\\\/\\\/fightcolorectalcancer.org\\\/es\\\/acerca-del-cancer-colorrectal\\\/cribado-y-deteccion-precoz\\\/#primaryimage\",\"url\":\"https:\\\/\\\/fightcolorectalcancer.org\\\/wp-content\\\/uploads\\\/2025\\\/11\\\/AdobeStock_381482896.jpeg\",\"contentUrl\":\"https:\\\/\\\/fightcolorectalcancer.org\\\/wp-content\\\/uploads\\\/2025\\\/11\\\/AdobeStock_381482896.jpeg\",\"width\":7952,\"height\":5304,\"caption\":\"M\u00e9dico proct\u00f3logo sujetando el endoscopio durante una colonoscopia\"},{\"@type\":\"BreadcrumbList\",\"@id\":\"https:\\\/\\\/fightcolorectalcancer.org\\\/es\\\/acerca-del-cancer-colorrectal\\\/cribado-y-deteccion-precoz\\\/#breadcrumb\",\"itemListElement\":[{\"@type\":\"ListItem\",\"position\":1,\"name\":\"P\u00e1gina de inicio\",\"item\":\"https:\\\/\\\/fightcolorectalcancer.org\\\/es\\\/\"},{\"@type\":\"ListItem\",\"position\":2,\"name\":\"Acerca del c\u00e1ncer colorrectal\",\"item\":\"https:\\\/\\\/fightcolorectalcancer.org\\\/es\\\/acerca-del-cancer-colorrectal\\\/\"},{\"@type\":\"ListItem\",\"position\":3,\"name\":\"Cribado y detecci\u00f3n precoz\"}]},{\"@type\":\"WebSite\",\"@id\":\"https:\\\/\\\/fightcolorectalcancer.org\\\/es\\\/#website\",\"url\":\"https:\\\/\\\/fightcolorectalcancer.org\\\/es\\\/\",\"name\":\"Fight Colorectal Cancer\",\"description\":\"\",\"publisher\":{\"@id\":\"https:\\\/\\\/fightcolorectalcancer.org\\\/es\\\/#organization\"},\"potentialAction\":[{\"@type\":\"SearchAction\",\"target\":{\"@type\":\"EntryPoint\",\"urlTemplate\":\"https:\\\/\\\/fightcolorectalcancer.org\\\/es\\\/?s={search_term_string}\"},\"query-input\":{\"@type\":\"PropertyValueSpecification\",\"valueRequired\":true,\"valueName\":\"search_term_string\"}}],\"inLanguage\":\"es\"},{\"@type\":\"Organization\",\"@id\":\"https:\\\/\\\/fightcolorectalcancer.org\\\/es\\\/#organization\",\"name\":\"Fight Colorectal Cancer\",\"url\":\"https:\\\/\\\/fightcolorectalcancer.org\\\/es\\\/\",\"logo\":{\"@type\":\"ImageObject\",\"inLanguage\":\"es\",\"@id\":\"https:\\\/\\\/fightcolorectalcancer.org\\\/es\\\/#\\\/schema\\\/logo\\\/image\\\/\",\"url\":\"https:\\\/\\\/fightcolorectalcancer.org\\\/wp-content\\\/uploads\\\/2025\\\/10\\\/e64f86851297bb53f096acdf76c859a294e23b96-1-1.png\",\"contentUrl\":\"https:\\\/\\\/fightcolorectalcancer.org\\\/wp-content\\\/uploads\\\/2025\\\/10\\\/e64f86851297bb53f096acdf76c859a294e23b96-1-1.png\",\"width\":1265,\"height\":450,\"caption\":\"Fight Colorectal Cancer\"},\"image\":{\"@id\":\"https:\\\/\\\/fightcolorectalcancer.org\\\/es\\\/#\\\/schema\\\/logo\\\/image\\\/\"},\"sameAs\":[\"https:\\\/\\\/www.facebook.com\\\/FightCRC\\\/\",\"https:\\\/\\\/x.com\\\/fightcrc\",\"https:\\\/\\\/www.instagram.com\\\/fightcrc\\\/\",\"https:\\\/\\\/www.youtube.com\\\/@FightCRC\",\"https:\\\/\\\/www.tiktok.com\\\/@fightcrc\",\"https:\\\/\\\/www.linkedin.com\\\/company\\\/fight-colorectal-cancer\\\/\",\"https:\\\/\\\/bsky.app\\\/profile\\\/fightcrc.bsky.social\"]}]}<\/script>\n<!-- \/ Yoast SEO plugin. -->","yoast_head_json":{"title":"Cribado y detecci\u00f3n precoz - FightCRC","robots":{"index":"index","follow":"follow","max-snippet":"max-snippet:-1","max-image-preview":"max-image-preview:large","max-video-preview":"max-video-preview:-1"},"canonical":"https:\/\/fightcolorectalcancer.org\/es\/acerca-del-cancer-colorrectal\/cribado-y-deteccion-precoz\/","og_locale":"es_ES","og_type":"article","og_title":"Cribado y detecci\u00f3n precoz - FightCRC","og_description":"Obt\u00e9n una orientaci\u00f3n clara sobre el cribado y la detecci\u00f3n precoz: qu\u00e9 pruebas son adecuadas para ti, cu\u00e1ndo programarlas, c\u00f3mo prepararte para una colonoscopia y la cobertura del seguro.","og_url":"https:\/\/fightcolorectalcancer.org\/es\/acerca-del-cancer-colorrectal\/cribado-y-deteccion-precoz\/","og_site_name":"FightCRC","article_publisher":"https:\/\/www.facebook.com\/FightCRC\/","og_image":[{"width":1024,"height":683,"url":"https:\/\/fightcolorectalcancer.org\/wp-content\/uploads\/2025\/11\/AdobeStock_381482896-1024x683.jpeg","type":"image\/jpeg"}],"twitter_card":"summary_large_image","twitter_site":"@fightcrc","schema":{"@context":"https:\/\/schema.org","@graph":[{"@type":"WebPage","@id":"https:\/\/fightcolorectalcancer.org\/es\/acerca-del-cancer-colorrectal\/cribado-y-deteccion-precoz\/","url":"https:\/\/fightcolorectalcancer.org\/es\/acerca-del-cancer-colorrectal\/cribado-y-deteccion-precoz\/","name":"Cribado y detecci\u00f3n precoz - FightCRC","isPartOf":{"@id":"https:\/\/fightcolorectalcancer.org\/es\/#website"},"primaryImageOfPage":{"@id":"https:\/\/fightcolorectalcancer.org\/es\/acerca-del-cancer-colorrectal\/cribado-y-deteccion-precoz\/#primaryimage"},"image":{"@id":"https:\/\/fightcolorectalcancer.org\/es\/acerca-del-cancer-colorrectal\/cribado-y-deteccion-precoz\/#primaryimage"},"thumbnailUrl":"https:\/\/fightcolorectalcancer.org\/wp-content\/uploads\/2025\/11\/AdobeStock_381482896.jpeg","datePublished":"2025-11-11T00:55:23+00:00","breadcrumb":{"@id":"https:\/\/fightcolorectalcancer.org\/es\/acerca-del-cancer-colorrectal\/cribado-y-deteccion-precoz\/#breadcrumb"},"inLanguage":"es","potentialAction":[{"@type":"ReadAction","target":["https:\/\/fightcolorectalcancer.org\/es\/acerca-del-cancer-colorrectal\/cribado-y-deteccion-precoz\/"]}]},{"@type":"ImageObject","inLanguage":"es","@id":"https:\/\/fightcolorectalcancer.org\/es\/acerca-del-cancer-colorrectal\/cribado-y-deteccion-precoz\/#primaryimage","url":"https:\/\/fightcolorectalcancer.org\/wp-content\/uploads\/2025\/11\/AdobeStock_381482896.jpeg","contentUrl":"https:\/\/fightcolorectalcancer.org\/wp-content\/uploads\/2025\/11\/AdobeStock_381482896.jpeg","width":7952,"height":5304,"caption":"M\u00e9dico proct\u00f3logo sujetando el endoscopio durante una colonoscopia"},{"@type":"BreadcrumbList","@id":"https:\/\/fightcolorectalcancer.org\/es\/acerca-del-cancer-colorrectal\/cribado-y-deteccion-precoz\/#breadcrumb","itemListElement":[{"@type":"ListItem","position":1,"name":"P\u00e1gina de inicio","item":"https:\/\/fightcolorectalcancer.org\/es\/"},{"@type":"ListItem","position":2,"name":"Acerca del c\u00e1ncer colorrectal","item":"https:\/\/fightcolorectalcancer.org\/es\/acerca-del-cancer-colorrectal\/"},{"@type":"ListItem","position":3,"name":"Cribado y detecci\u00f3n precoz"}]},{"@type":"WebSite","@id":"https:\/\/fightcolorectalcancer.org\/es\/#website","url":"https:\/\/fightcolorectalcancer.org\/es\/","name":"Fight Colorectal Cancer","description":"","publisher":{"@id":"https:\/\/fightcolorectalcancer.org\/es\/#organization"},"potentialAction":[{"@type":"SearchAction","target":{"@type":"EntryPoint","urlTemplate":"https:\/\/fightcolorectalcancer.org\/es\/?s={search_term_string}"},"query-input":{"@type":"PropertyValueSpecification","valueRequired":true,"valueName":"search_term_string"}}],"inLanguage":"es"},{"@type":"Organization","@id":"https:\/\/fightcolorectalcancer.org\/es\/#organization","name":"Fight Colorectal Cancer","url":"https:\/\/fightcolorectalcancer.org\/es\/","logo":{"@type":"ImageObject","inLanguage":"es","@id":"https:\/\/fightcolorectalcancer.org\/es\/#\/schema\/logo\/image\/","url":"https:\/\/fightcolorectalcancer.org\/wp-content\/uploads\/2025\/10\/e64f86851297bb53f096acdf76c859a294e23b96-1-1.png","contentUrl":"https:\/\/fightcolorectalcancer.org\/wp-content\/uploads\/2025\/10\/e64f86851297bb53f096acdf76c859a294e23b96-1-1.png","width":1265,"height":450,"caption":"Fight Colorectal Cancer"},"image":{"@id":"https:\/\/fightcolorectalcancer.org\/es\/#\/schema\/logo\/image\/"},"sameAs":["https:\/\/www.facebook.com\/FightCRC\/","https:\/\/x.com\/fightcrc","https:\/\/www.instagram.com\/fightcrc\/","https:\/\/www.youtube.com\/@FightCRC","https:\/\/www.tiktok.com\/@fightcrc","https:\/\/www.linkedin.com\/company\/fight-colorectal-cancer\/","https:\/\/bsky.app\/profile\/fightcrc.bsky.social"]}]}},"_links":{"self":[{"href":"https:\/\/fightcolorectalcancer.org\/es\/wp-json\/wp\/v2\/pages\/205242","targetHints":{"allow":["GET"]}}],"collection":[{"href":"https:\/\/fightcolorectalcancer.org\/es\/wp-json\/wp\/v2\/pages"}],"about":[{"href":"https:\/\/fightcolorectalcancer.org\/es\/wp-json\/wp\/v2\/types\/page"}],"author":[{"embeddable":true,"href":"https:\/\/fightcolorectalcancer.org\/es\/wp-json\/wp\/v2\/users\/3"}],"replies":[{"embeddable":true,"href":"https:\/\/fightcolorectalcancer.org\/es\/wp-json\/wp\/v2\/comments?post=205242"}],"version-history":[{"count":0,"href":"https:\/\/fightcolorectalcancer.org\/es\/wp-json\/wp\/v2\/pages\/205242\/revisions"}],"up":[{"embeddable":true,"href":"https:\/\/fightcolorectalcancer.org\/es\/wp-json\/wp\/v2\/pages\/205240"}],"wp:featuredmedia":[{"embeddable":true,"href":"https:\/\/fightcolorectalcancer.org\/es\/wp-json\/wp\/v2\/media\/205244"}],"wp:attachment":[{"href":"https:\/\/fightcolorectalcancer.org\/es\/wp-json\/wp\/v2\/media?parent=205242"}],"curies":[{"name":"wp","href":"https:\/\/api.w.org\/{rel}","templated":true}]}}