{"id":205248,"date":"2025-11-10T19:55:02","date_gmt":"2025-11-11T00:55:02","guid":{"rendered":"https:\/\/fightcolorectalcancer.org\/acerca-del-cancer-colorrectal\/tu-riesgo-y-consejos-de-prevencion\/"},"modified":"2026-03-17T01:11:30","modified_gmt":"2026-03-17T05:11:30","slug":"tu-riesgo-y-consejos-de-prevencion","status":"publish","type":"page","link":"https:\/\/fightcolorectalcancer.org\/es\/acerca-del-cancer-colorrectal\/tu-riesgo-y-consejos-de-prevencion\/","title":{"rendered":"Tu riesgo y consejos de prevenci\u00f3n"},"content":{"rendered":"","protected":false},"excerpt":{"rendered":"<p>Comprende c\u00f3mo tus antecedentes personales, familiares y otros factores de riesgo influyen en tus probabilidades de desarrollar c\u00e1ncer colorrectal, y aprende los pasos que puedes dar para adelantarte a \u00e9l.<\/p>\n","protected":false},"author":3,"featured_media":205249,"parent":205240,"menu_order":0,"comment_status":"closed","ping_status":"closed","template":"","meta":{"_acf_changed":true,"footnotes":""},"class_list":["post-205248","page","type-page","status-publish","has-post-thumbnail","hentry"],"acf":[],"yoast_head":"<!-- This site is optimized with the Yoast SEO plugin v27.2 - https:\/\/yoast.com\/product\/yoast-seo-wordpress\/ -->\n<title>Tu riesgo y consejos de prevenci\u00f3n - FightCRC<\/title>\n<meta name=\"robots\" content=\"index, follow, max-snippet:-1, max-image-preview:large, max-video-preview:-1\" \/>\n<link rel=\"canonical\" href=\"https:\/\/fightcolorectalcancer.org\/es\/acerca-del-cancer-colorrectal\/tu-riesgo-y-consejos-de-prevencion\/\" \/>\n<meta property=\"og:locale\" content=\"es_ES\" \/>\n<meta property=\"og:type\" content=\"article\" \/>\n<meta property=\"og:title\" content=\"Tu riesgo y consejos de prevenci\u00f3n - FightCRC\" \/>\n<meta property=\"og:description\" content=\"Comprende c\u00f3mo tus antecedentes personales, familiares y otros factores de riesgo influyen en tus probabilidades de desarrollar c\u00e1ncer colorrectal, y aprende los pasos que puedes dar para adelantarte a \u00e9l.\" \/>\n<meta property=\"og:url\" content=\"https:\/\/fightcolorectalcancer.org\/es\/acerca-del-cancer-colorrectal\/tu-riesgo-y-consejos-de-prevencion\/\" \/>\n<meta property=\"og:site_name\" content=\"FightCRC\" \/>\n<meta property=\"article:modified_time\" content=\"2026-03-17T05:11:30+00:00\" \/>\n<meta property=\"og:image\" content=\"https:\/\/fightcolorectalcancer.org\/wp-content\/uploads\/2025\/11\/United-in-blue_toilet-seats67.jpg\" \/>\n\t<meta property=\"og:image:width\" content=\"2560\" \/>\n\t<meta property=\"og:image:height\" content=\"1708\" \/>\n\t<meta property=\"og:image:type\" content=\"image\/jpeg\" \/>\n<meta name=\"twitter:card\" content=\"summary_large_image\" \/>\n<meta name=\"twitter:label1\" content=\"Tiempo de lectura\" \/>\n\t<meta name=\"twitter:data1\" content=\"1 minuto\" \/>\n<script type=\"application\/ld+json\" class=\"yoast-schema-graph\">{\"@context\":\"https:\/\/schema.org\",\"@graph\":[{\"@type\":\"WebPage\",\"@id\":\"https:\/\/fightcolorectalcancer.org\/es\/acerca-del-cancer-colorrectal\/tu-riesgo-y-consejos-de-prevencion\/\",\"url\":\"https:\/\/fightcolorectalcancer.org\/es\/acerca-del-cancer-colorrectal\/tu-riesgo-y-consejos-de-prevencion\/\",\"name\":\"Tu riesgo y consejos de prevenci\u00f3n - FightCRC\",\"isPartOf\":{\"@id\":\"https:\/\/fightcolorectalcancer.org\/es\/#website\"},\"primaryImageOfPage\":{\"@id\":\"https:\/\/fightcolorectalcancer.org\/es\/acerca-del-cancer-colorrectal\/tu-riesgo-y-consejos-de-prevencion\/#primaryimage\"},\"image\":{\"@id\":\"https:\/\/fightcolorectalcancer.org\/es\/acerca-del-cancer-colorrectal\/tu-riesgo-y-consejos-de-prevencion\/#primaryimage\"},\"thumbnailUrl\":\"https:\/\/fightcolorectalcancer.org\/wp-content\/uploads\/2025\/11\/United-in-blue_toilet-seats67.jpg\",\"datePublished\":\"2025-11-11T00:55:02+00:00\",\"dateModified\":\"2026-03-17T05:11:30+00:00\",\"breadcrumb\":{\"@id\":\"https:\/\/fightcolorectalcancer.org\/es\/acerca-del-cancer-colorrectal\/tu-riesgo-y-consejos-de-prevencion\/#breadcrumb\"},\"inLanguage\":\"es\",\"potentialAction\":[{\"@type\":\"ReadAction\",\"target\":[\"https:\/\/fightcolorectalcancer.org\/es\/acerca-del-cancer-colorrectal\/tu-riesgo-y-consejos-de-prevencion\/\"]}]},{\"@type\":\"ImageObject\",\"inLanguage\":\"es\",\"@id\":\"https:\/\/fightcolorectalcancer.org\/es\/acerca-del-cancer-colorrectal\/tu-riesgo-y-consejos-de-prevencion\/#primaryimage\",\"url\":\"https:\/\/fightcolorectalcancer.org\/wp-content\/uploads\/2025\/11\/United-in-blue_toilet-seats67.jpg\",\"contentUrl\":\"https:\/\/fightcolorectalcancer.org\/wp-content\/uploads\/2025\/11\/United-in-blue_toilet-seats67.jpg\",\"width\":2560,\"height\":1708},{\"@type\":\"BreadcrumbList\",\"@id\":\"https:\/\/fightcolorectalcancer.org\/es\/acerca-del-cancer-colorrectal\/tu-riesgo-y-consejos-de-prevencion\/#breadcrumb\",\"itemListElement\":[{\"@type\":\"ListItem\",\"position\":1,\"name\":\"P\u00e1gina de inicio\",\"item\":\"https:\/\/fightcolorectalcancer.org\/es\/\"},{\"@type\":\"ListItem\",\"position\":2,\"name\":\"Acerca del c\u00e1ncer colorrectal\",\"item\":\"https:\/\/fightcolorectalcancer.org\/es\/acerca-del-cancer-colorrectal\/\"},{\"@type\":\"ListItem\",\"position\":3,\"name\":\"Tu riesgo y consejos de prevenci\u00f3n\"}]},{\"@type\":\"WebSite\",\"@id\":\"https:\/\/fightcolorectalcancer.org\/es\/#website\",\"url\":\"https:\/\/fightcolorectalcancer.org\/es\/\",\"name\":\"FightCRC\",\"description\":\"\",\"publisher\":{\"@id\":\"https:\/\/fightcolorectalcancer.org\/es\/#organization\"},\"potentialAction\":[{\"@type\":\"SearchAction\",\"target\":{\"@type\":\"EntryPoint\",\"urlTemplate\":\"https:\/\/fightcolorectalcancer.org\/es\/?s={search_term_string}\"},\"query-input\":{\"@type\":\"PropertyValueSpecification\",\"valueRequired\":true,\"valueName\":\"search_term_string\"}}],\"inLanguage\":\"es\"},{\"@type\":\"Organization\",\"@id\":\"https:\/\/fightcolorectalcancer.org\/es\/#organization\",\"name\":\"FightCRC\",\"url\":\"https:\/\/fightcolorectalcancer.org\/es\/\",\"logo\":{\"@type\":\"ImageObject\",\"inLanguage\":\"es\",\"@id\":\"https:\/\/fightcolorectalcancer.org\/es\/#\/schema\/logo\/image\/\",\"url\":\"https:\/\/fightcolorectalcancer.org\/wp-content\/uploads\/2025\/10\/e64f86851297bb53f096acdf76c859a294e23b96-1-1.png\",\"contentUrl\":\"https:\/\/fightcolorectalcancer.org\/wp-content\/uploads\/2025\/10\/e64f86851297bb53f096acdf76c859a294e23b96-1-1.png\",\"width\":1265,\"height\":450,\"caption\":\"FightCRC\"},\"image\":{\"@id\":\"https:\/\/fightcolorectalcancer.org\/es\/#\/schema\/logo\/image\/\"}}]}<\/script>\n<!-- \/ Yoast SEO plugin. -->","yoast_head_json":{"title":"Tu riesgo y consejos de prevenci\u00f3n - FightCRC","robots":{"index":"index","follow":"follow","max-snippet":"max-snippet:-1","max-image-preview":"max-image-preview:large","max-video-preview":"max-video-preview:-1"},"canonical":"https:\/\/fightcolorectalcancer.org\/es\/acerca-del-cancer-colorrectal\/tu-riesgo-y-consejos-de-prevencion\/","og_locale":"es_ES","og_type":"article","og_title":"Tu riesgo y consejos de prevenci\u00f3n - FightCRC","og_description":"Comprende c\u00f3mo tus antecedentes personales, familiares y otros factores de riesgo influyen en tus probabilidades de desarrollar c\u00e1ncer colorrectal, y aprende los pasos que puedes dar para adelantarte a \u00e9l.","og_url":"https:\/\/fightcolorectalcancer.org\/es\/acerca-del-cancer-colorrectal\/tu-riesgo-y-consejos-de-prevencion\/","og_site_name":"FightCRC","article_modified_time":"2026-03-17T05:11:30+00:00","og_image":[{"width":2560,"height":1708,"url":"https:\/\/fightcolorectalcancer.org\/wp-content\/uploads\/2025\/11\/United-in-blue_toilet-seats67.jpg","type":"image\/jpeg"}],"twitter_card":"summary_large_image","twitter_misc":{"Tiempo de lectura":"1 minuto"},"schema":{"@context":"https:\/\/schema.org","@graph":[{"@type":"WebPage","@id":"https:\/\/fightcolorectalcancer.org\/es\/acerca-del-cancer-colorrectal\/tu-riesgo-y-consejos-de-prevencion\/","url":"https:\/\/fightcolorectalcancer.org\/es\/acerca-del-cancer-colorrectal\/tu-riesgo-y-consejos-de-prevencion\/","name":"Tu riesgo y consejos de prevenci\u00f3n - FightCRC","isPartOf":{"@id":"https:\/\/fightcolorectalcancer.org\/es\/#website"},"primaryImageOfPage":{"@id":"https:\/\/fightcolorectalcancer.org\/es\/acerca-del-cancer-colorrectal\/tu-riesgo-y-consejos-de-prevencion\/#primaryimage"},"image":{"@id":"https:\/\/fightcolorectalcancer.org\/es\/acerca-del-cancer-colorrectal\/tu-riesgo-y-consejos-de-prevencion\/#primaryimage"},"thumbnailUrl":"https:\/\/fightcolorectalcancer.org\/wp-content\/uploads\/2025\/11\/United-in-blue_toilet-seats67.jpg","datePublished":"2025-11-11T00:55:02+00:00","dateModified":"2026-03-17T05:11:30+00:00","breadcrumb":{"@id":"https:\/\/fightcolorectalcancer.org\/es\/acerca-del-cancer-colorrectal\/tu-riesgo-y-consejos-de-prevencion\/#breadcrumb"},"inLanguage":"es","potentialAction":[{"@type":"ReadAction","target":["https:\/\/fightcolorectalcancer.org\/es\/acerca-del-cancer-colorrectal\/tu-riesgo-y-consejos-de-prevencion\/"]}]},{"@type":"ImageObject","inLanguage":"es","@id":"https:\/\/fightcolorectalcancer.org\/es\/acerca-del-cancer-colorrectal\/tu-riesgo-y-consejos-de-prevencion\/#primaryimage","url":"https:\/\/fightcolorectalcancer.org\/wp-content\/uploads\/2025\/11\/United-in-blue_toilet-seats67.jpg","contentUrl":"https:\/\/fightcolorectalcancer.org\/wp-content\/uploads\/2025\/11\/United-in-blue_toilet-seats67.jpg","width":2560,"height":1708},{"@type":"BreadcrumbList","@id":"https:\/\/fightcolorectalcancer.org\/es\/acerca-del-cancer-colorrectal\/tu-riesgo-y-consejos-de-prevencion\/#breadcrumb","itemListElement":[{"@type":"ListItem","position":1,"name":"P\u00e1gina de inicio","item":"https:\/\/fightcolorectalcancer.org\/es\/"},{"@type":"ListItem","position":2,"name":"Acerca del c\u00e1ncer colorrectal","item":"https:\/\/fightcolorectalcancer.org\/es\/acerca-del-cancer-colorrectal\/"},{"@type":"ListItem","position":3,"name":"Tu riesgo y consejos de prevenci\u00f3n"}]},{"@type":"WebSite","@id":"https:\/\/fightcolorectalcancer.org\/es\/#website","url":"https:\/\/fightcolorectalcancer.org\/es\/","name":"FightCRC","description":"","publisher":{"@id":"https:\/\/fightcolorectalcancer.org\/es\/#organization"},"potentialAction":[{"@type":"SearchAction","target":{"@type":"EntryPoint","urlTemplate":"https:\/\/fightcolorectalcancer.org\/es\/?s={search_term_string}"},"query-input":{"@type":"PropertyValueSpecification","valueRequired":true,"valueName":"search_term_string"}}],"inLanguage":"es"},{"@type":"Organization","@id":"https:\/\/fightcolorectalcancer.org\/es\/#organization","name":"FightCRC","url":"https:\/\/fightcolorectalcancer.org\/es\/","logo":{"@type":"ImageObject","inLanguage":"es","@id":"https:\/\/fightcolorectalcancer.org\/es\/#\/schema\/logo\/image\/","url":"https:\/\/fightcolorectalcancer.org\/wp-content\/uploads\/2025\/10\/e64f86851297bb53f096acdf76c859a294e23b96-1-1.png","contentUrl":"https:\/\/fightcolorectalcancer.org\/wp-content\/uploads\/2025\/10\/e64f86851297bb53f096acdf76c859a294e23b96-1-1.png","width":1265,"height":450,"caption":"FightCRC"},"image":{"@id":"https:\/\/fightcolorectalcancer.org\/es\/#\/schema\/logo\/image\/"}}]}},"_links":{"self":[{"href":"https:\/\/fightcolorectalcancer.org\/es\/wp-json\/wp\/v2\/pages\/205248","targetHints":{"allow":["GET"]}}],"collection":[{"href":"https:\/\/fightcolorectalcancer.org\/es\/wp-json\/wp\/v2\/pages"}],"about":[{"href":"https:\/\/fightcolorectalcancer.org\/es\/wp-json\/wp\/v2\/types\/page"}],"author":[{"embeddable":true,"href":"https:\/\/fightcolorectalcancer.org\/es\/wp-json\/wp\/v2\/users\/3"}],"replies":[{"embeddable":true,"href":"https:\/\/fightcolorectalcancer.org\/es\/wp-json\/wp\/v2\/comments?post=205248"}],"version-history":[{"count":0,"href":"https:\/\/fightcolorectalcancer.org\/es\/wp-json\/wp\/v2\/pages\/205248\/revisions"}],"up":[{"embeddable":true,"href":"https:\/\/fightcolorectalcancer.org\/es\/wp-json\/wp\/v2\/pages\/205240"}],"wp:featuredmedia":[{"embeddable":true,"href":"https:\/\/fightcolorectalcancer.org\/es\/wp-json\/wp\/v2\/media\/205249"}],"wp:attachment":[{"href":"https:\/\/fightcolorectalcancer.org\/es\/wp-json\/wp\/v2\/media?parent=205248"}],"curies":[{"name":"wp","href":"https:\/\/api.w.org\/{rel}","templated":true}]}}