{"id":205288,"date":"2025-11-10T21:29:11","date_gmt":"2025-11-11T02:29:11","guid":{"rendered":"https:\/\/fightcolorectalcancer.org\/acerca-del-cancer-colorrectal\/cribado-y-deteccion-precoz\/que-prueba-y-cuando\/"},"modified":"2026-03-17T15:52:44","modified_gmt":"2026-03-17T19:52:44","slug":"que-prueba-y-cuando","status":"publish","type":"page","link":"https:\/\/fightcolorectalcancer.org\/es\/acerca-del-cancer-colorrectal\/cribado-y-deteccion-precoz\/que-prueba-y-cuando\/","title":{"rendered":"Qu\u00e9 prueba y cu\u00e1ndo"},"content":{"rendered":"","protected":false},"excerpt":{"rendered":"<p>El cribado no es \u00fanico. Comprende tus opciones de cribado y el momento adecuado para cada una de ellas. <\/p>\n","protected":false},"author":3,"featured_media":205289,"parent":205242,"menu_order":0,"comment_status":"closed","ping_status":"closed","template":"page-table-contents.php","meta":{"_acf_changed":true,"footnotes":""},"class_list":["post-205288","page","type-page","status-publish","has-post-thumbnail","hentry"],"acf":[],"yoast_head":"<!-- This site is optimized with the Yoast SEO plugin v27.4 - https:\/\/yoast.com\/product\/yoast-seo-wordpress\/ -->\n<title>Qu\u00e9 prueba y cu\u00e1ndo - FightCRC<\/title>\n<meta name=\"robots\" content=\"index, follow, max-snippet:-1, max-image-preview:large, max-video-preview:-1\" \/>\n<link rel=\"canonical\" href=\"https:\/\/fightcolorectalcancer.org\/es\/acerca-del-cancer-colorrectal\/cribado-y-deteccion-precoz\/que-prueba-y-cuando\/\" \/>\n<meta property=\"og:locale\" content=\"es_ES\" \/>\n<meta property=\"og:type\" content=\"article\" \/>\n<meta property=\"og:title\" content=\"Qu\u00e9 prueba y cu\u00e1ndo - FightCRC\" \/>\n<meta property=\"og:description\" content=\"El cribado no es \u00fanico. Comprende tus opciones de cribado y el momento adecuado para cada una de ellas.\" \/>\n<meta property=\"og:url\" content=\"https:\/\/fightcolorectalcancer.org\/es\/acerca-del-cancer-colorrectal\/cribado-y-deteccion-precoz\/que-prueba-y-cuando\/\" \/>\n<meta property=\"og:site_name\" content=\"FightCRC\" \/>\n<meta property=\"article:publisher\" content=\"https:\/\/www.facebook.com\/FightCRC\/\" \/>\n<meta property=\"article:modified_time\" content=\"2026-03-17T19:52:44+00:00\" \/>\n<meta property=\"og:image\" content=\"https:\/\/fightcolorectalcancer.org\/wp-content\/uploads\/2025\/11\/Toilet_Vertical-scaled.jpg\" \/>\n\t<meta property=\"og:image:width\" content=\"1991\" \/>\n\t<meta property=\"og:image:height\" content=\"2560\" \/>\n\t<meta property=\"og:image:type\" content=\"image\/jpeg\" \/>\n<meta name=\"twitter:card\" content=\"summary_large_image\" \/>\n<meta name=\"twitter:site\" content=\"@fightcrc\" \/>\n<meta name=\"twitter:label1\" content=\"Tiempo de lectura\" \/>\n\t<meta name=\"twitter:data1\" content=\"1 minuto\" \/>\n<script type=\"application\/ld+json\" class=\"yoast-schema-graph\">{\"@context\":\"https:\\\/\\\/schema.org\",\"@graph\":[{\"@type\":\"WebPage\",\"@id\":\"https:\\\/\\\/fightcolorectalcancer.org\\\/es\\\/acerca-del-cancer-colorrectal\\\/cribado-y-deteccion-precoz\\\/que-prueba-y-cuando\\\/\",\"url\":\"https:\\\/\\\/fightcolorectalcancer.org\\\/es\\\/acerca-del-cancer-colorrectal\\\/cribado-y-deteccion-precoz\\\/que-prueba-y-cuando\\\/\",\"name\":\"Qu\u00e9 prueba y cu\u00e1ndo - FightCRC\",\"isPartOf\":{\"@id\":\"https:\\\/\\\/fightcolorectalcancer.org\\\/es\\\/#website\"},\"primaryImageOfPage\":{\"@id\":\"https:\\\/\\\/fightcolorectalcancer.org\\\/es\\\/acerca-del-cancer-colorrectal\\\/cribado-y-deteccion-precoz\\\/que-prueba-y-cuando\\\/#primaryimage\"},\"image\":{\"@id\":\"https:\\\/\\\/fightcolorectalcancer.org\\\/es\\\/acerca-del-cancer-colorrectal\\\/cribado-y-deteccion-precoz\\\/que-prueba-y-cuando\\\/#primaryimage\"},\"thumbnailUrl\":\"https:\\\/\\\/fightcolorectalcancer.org\\\/wp-content\\\/uploads\\\/2025\\\/11\\\/Toilet_Vertical-scaled.jpg\",\"datePublished\":\"2025-11-11T02:29:11+00:00\",\"dateModified\":\"2026-03-17T19:52:44+00:00\",\"breadcrumb\":{\"@id\":\"https:\\\/\\\/fightcolorectalcancer.org\\\/es\\\/acerca-del-cancer-colorrectal\\\/cribado-y-deteccion-precoz\\\/que-prueba-y-cuando\\\/#breadcrumb\"},\"inLanguage\":\"es\",\"potentialAction\":[{\"@type\":\"ReadAction\",\"target\":[\"https:\\\/\\\/fightcolorectalcancer.org\\\/es\\\/acerca-del-cancer-colorrectal\\\/cribado-y-deteccion-precoz\\\/que-prueba-y-cuando\\\/\"]}]},{\"@type\":\"ImageObject\",\"inLanguage\":\"es\",\"@id\":\"https:\\\/\\\/fightcolorectalcancer.org\\\/es\\\/acerca-del-cancer-colorrectal\\\/cribado-y-deteccion-precoz\\\/que-prueba-y-cuando\\\/#primaryimage\",\"url\":\"https:\\\/\\\/fightcolorectalcancer.org\\\/wp-content\\\/uploads\\\/2025\\\/11\\\/Toilet_Vertical-scaled.jpg\",\"contentUrl\":\"https:\\\/\\\/fightcolorectalcancer.org\\\/wp-content\\\/uploads\\\/2025\\\/11\\\/Toilet_Vertical-scaled.jpg\",\"width\":1991,\"height\":2560},{\"@type\":\"BreadcrumbList\",\"@id\":\"https:\\\/\\\/fightcolorectalcancer.org\\\/es\\\/acerca-del-cancer-colorrectal\\\/cribado-y-deteccion-precoz\\\/que-prueba-y-cuando\\\/#breadcrumb\",\"itemListElement\":[{\"@type\":\"ListItem\",\"position\":1,\"name\":\"P\u00e1gina de inicio\",\"item\":\"https:\\\/\\\/fightcolorectalcancer.org\\\/es\\\/\"},{\"@type\":\"ListItem\",\"position\":2,\"name\":\"Acerca del c\u00e1ncer colorrectal\",\"item\":\"https:\\\/\\\/fightcolorectalcancer.org\\\/es\\\/acerca-del-cancer-colorrectal\\\/\"},{\"@type\":\"ListItem\",\"position\":3,\"name\":\"Cribado y detecci\u00f3n precoz\",\"item\":\"https:\\\/\\\/fightcolorectalcancer.org\\\/es\\\/acerca-del-cancer-colorrectal\\\/cribado-y-deteccion-precoz\\\/\"},{\"@type\":\"ListItem\",\"position\":4,\"name\":\"Qu\u00e9 prueba y cu\u00e1ndo\"}]},{\"@type\":\"WebSite\",\"@id\":\"https:\\\/\\\/fightcolorectalcancer.org\\\/es\\\/#website\",\"url\":\"https:\\\/\\\/fightcolorectalcancer.org\\\/es\\\/\",\"name\":\"Fight Colorectal Cancer\",\"description\":\"\",\"publisher\":{\"@id\":\"https:\\\/\\\/fightcolorectalcancer.org\\\/es\\\/#organization\"},\"potentialAction\":[{\"@type\":\"SearchAction\",\"target\":{\"@type\":\"EntryPoint\",\"urlTemplate\":\"https:\\\/\\\/fightcolorectalcancer.org\\\/es\\\/?s={search_term_string}\"},\"query-input\":{\"@type\":\"PropertyValueSpecification\",\"valueRequired\":true,\"valueName\":\"search_term_string\"}}],\"inLanguage\":\"es\"},{\"@type\":\"Organization\",\"@id\":\"https:\\\/\\\/fightcolorectalcancer.org\\\/es\\\/#organization\",\"name\":\"Fight Colorectal Cancer\",\"url\":\"https:\\\/\\\/fightcolorectalcancer.org\\\/es\\\/\",\"logo\":{\"@type\":\"ImageObject\",\"inLanguage\":\"es\",\"@id\":\"https:\\\/\\\/fightcolorectalcancer.org\\\/es\\\/#\\\/schema\\\/logo\\\/image\\\/\",\"url\":\"https:\\\/\\\/fightcolorectalcancer.org\\\/wp-content\\\/uploads\\\/2025\\\/10\\\/e64f86851297bb53f096acdf76c859a294e23b96-1-1.png\",\"contentUrl\":\"https:\\\/\\\/fightcolorectalcancer.org\\\/wp-content\\\/uploads\\\/2025\\\/10\\\/e64f86851297bb53f096acdf76c859a294e23b96-1-1.png\",\"width\":1265,\"height\":450,\"caption\":\"Fight Colorectal Cancer\"},\"image\":{\"@id\":\"https:\\\/\\\/fightcolorectalcancer.org\\\/es\\\/#\\\/schema\\\/logo\\\/image\\\/\"},\"sameAs\":[\"https:\\\/\\\/www.facebook.com\\\/FightCRC\\\/\",\"https:\\\/\\\/x.com\\\/fightcrc\",\"https:\\\/\\\/www.instagram.com\\\/fightcrc\\\/\",\"https:\\\/\\\/www.youtube.com\\\/@FightCRC\",\"https:\\\/\\\/www.tiktok.com\\\/@fightcrc\",\"https:\\\/\\\/www.linkedin.com\\\/company\\\/fight-colorectal-cancer\\\/\",\"https:\\\/\\\/bsky.app\\\/profile\\\/fightcrc.bsky.social\"]}]}<\/script>\n<!-- \/ Yoast SEO plugin. -->","yoast_head_json":{"title":"Qu\u00e9 prueba y cu\u00e1ndo - FightCRC","robots":{"index":"index","follow":"follow","max-snippet":"max-snippet:-1","max-image-preview":"max-image-preview:large","max-video-preview":"max-video-preview:-1"},"canonical":"https:\/\/fightcolorectalcancer.org\/es\/acerca-del-cancer-colorrectal\/cribado-y-deteccion-precoz\/que-prueba-y-cuando\/","og_locale":"es_ES","og_type":"article","og_title":"Qu\u00e9 prueba y cu\u00e1ndo - FightCRC","og_description":"El cribado no es \u00fanico. Comprende tus opciones de cribado y el momento adecuado para cada una de ellas.","og_url":"https:\/\/fightcolorectalcancer.org\/es\/acerca-del-cancer-colorrectal\/cribado-y-deteccion-precoz\/que-prueba-y-cuando\/","og_site_name":"FightCRC","article_publisher":"https:\/\/www.facebook.com\/FightCRC\/","article_modified_time":"2026-03-17T19:52:44+00:00","og_image":[{"width":1991,"height":2560,"url":"https:\/\/fightcolorectalcancer.org\/wp-content\/uploads\/2025\/11\/Toilet_Vertical-scaled.jpg","type":"image\/jpeg"}],"twitter_card":"summary_large_image","twitter_site":"@fightcrc","twitter_misc":{"Tiempo de lectura":"1 minuto"},"schema":{"@context":"https:\/\/schema.org","@graph":[{"@type":"WebPage","@id":"https:\/\/fightcolorectalcancer.org\/es\/acerca-del-cancer-colorrectal\/cribado-y-deteccion-precoz\/que-prueba-y-cuando\/","url":"https:\/\/fightcolorectalcancer.org\/es\/acerca-del-cancer-colorrectal\/cribado-y-deteccion-precoz\/que-prueba-y-cuando\/","name":"Qu\u00e9 prueba y cu\u00e1ndo - FightCRC","isPartOf":{"@id":"https:\/\/fightcolorectalcancer.org\/es\/#website"},"primaryImageOfPage":{"@id":"https:\/\/fightcolorectalcancer.org\/es\/acerca-del-cancer-colorrectal\/cribado-y-deteccion-precoz\/que-prueba-y-cuando\/#primaryimage"},"image":{"@id":"https:\/\/fightcolorectalcancer.org\/es\/acerca-del-cancer-colorrectal\/cribado-y-deteccion-precoz\/que-prueba-y-cuando\/#primaryimage"},"thumbnailUrl":"https:\/\/fightcolorectalcancer.org\/wp-content\/uploads\/2025\/11\/Toilet_Vertical-scaled.jpg","datePublished":"2025-11-11T02:29:11+00:00","dateModified":"2026-03-17T19:52:44+00:00","breadcrumb":{"@id":"https:\/\/fightcolorectalcancer.org\/es\/acerca-del-cancer-colorrectal\/cribado-y-deteccion-precoz\/que-prueba-y-cuando\/#breadcrumb"},"inLanguage":"es","potentialAction":[{"@type":"ReadAction","target":["https:\/\/fightcolorectalcancer.org\/es\/acerca-del-cancer-colorrectal\/cribado-y-deteccion-precoz\/que-prueba-y-cuando\/"]}]},{"@type":"ImageObject","inLanguage":"es","@id":"https:\/\/fightcolorectalcancer.org\/es\/acerca-del-cancer-colorrectal\/cribado-y-deteccion-precoz\/que-prueba-y-cuando\/#primaryimage","url":"https:\/\/fightcolorectalcancer.org\/wp-content\/uploads\/2025\/11\/Toilet_Vertical-scaled.jpg","contentUrl":"https:\/\/fightcolorectalcancer.org\/wp-content\/uploads\/2025\/11\/Toilet_Vertical-scaled.jpg","width":1991,"height":2560},{"@type":"BreadcrumbList","@id":"https:\/\/fightcolorectalcancer.org\/es\/acerca-del-cancer-colorrectal\/cribado-y-deteccion-precoz\/que-prueba-y-cuando\/#breadcrumb","itemListElement":[{"@type":"ListItem","position":1,"name":"P\u00e1gina de inicio","item":"https:\/\/fightcolorectalcancer.org\/es\/"},{"@type":"ListItem","position":2,"name":"Acerca del c\u00e1ncer colorrectal","item":"https:\/\/fightcolorectalcancer.org\/es\/acerca-del-cancer-colorrectal\/"},{"@type":"ListItem","position":3,"name":"Cribado y detecci\u00f3n precoz","item":"https:\/\/fightcolorectalcancer.org\/es\/acerca-del-cancer-colorrectal\/cribado-y-deteccion-precoz\/"},{"@type":"ListItem","position":4,"name":"Qu\u00e9 prueba y cu\u00e1ndo"}]},{"@type":"WebSite","@id":"https:\/\/fightcolorectalcancer.org\/es\/#website","url":"https:\/\/fightcolorectalcancer.org\/es\/","name":"Fight Colorectal Cancer","description":"","publisher":{"@id":"https:\/\/fightcolorectalcancer.org\/es\/#organization"},"potentialAction":[{"@type":"SearchAction","target":{"@type":"EntryPoint","urlTemplate":"https:\/\/fightcolorectalcancer.org\/es\/?s={search_term_string}"},"query-input":{"@type":"PropertyValueSpecification","valueRequired":true,"valueName":"search_term_string"}}],"inLanguage":"es"},{"@type":"Organization","@id":"https:\/\/fightcolorectalcancer.org\/es\/#organization","name":"Fight Colorectal Cancer","url":"https:\/\/fightcolorectalcancer.org\/es\/","logo":{"@type":"ImageObject","inLanguage":"es","@id":"https:\/\/fightcolorectalcancer.org\/es\/#\/schema\/logo\/image\/","url":"https:\/\/fightcolorectalcancer.org\/wp-content\/uploads\/2025\/10\/e64f86851297bb53f096acdf76c859a294e23b96-1-1.png","contentUrl":"https:\/\/fightcolorectalcancer.org\/wp-content\/uploads\/2025\/10\/e64f86851297bb53f096acdf76c859a294e23b96-1-1.png","width":1265,"height":450,"caption":"Fight Colorectal Cancer"},"image":{"@id":"https:\/\/fightcolorectalcancer.org\/es\/#\/schema\/logo\/image\/"},"sameAs":["https:\/\/www.facebook.com\/FightCRC\/","https:\/\/x.com\/fightcrc","https:\/\/www.instagram.com\/fightcrc\/","https:\/\/www.youtube.com\/@FightCRC","https:\/\/www.tiktok.com\/@fightcrc","https:\/\/www.linkedin.com\/company\/fight-colorectal-cancer\/","https:\/\/bsky.app\/profile\/fightcrc.bsky.social"]}]}},"_links":{"self":[{"href":"https:\/\/fightcolorectalcancer.org\/es\/wp-json\/wp\/v2\/pages\/205288","targetHints":{"allow":["GET"]}}],"collection":[{"href":"https:\/\/fightcolorectalcancer.org\/es\/wp-json\/wp\/v2\/pages"}],"about":[{"href":"https:\/\/fightcolorectalcancer.org\/es\/wp-json\/wp\/v2\/types\/page"}],"author":[{"embeddable":true,"href":"https:\/\/fightcolorectalcancer.org\/es\/wp-json\/wp\/v2\/users\/3"}],"replies":[{"embeddable":true,"href":"https:\/\/fightcolorectalcancer.org\/es\/wp-json\/wp\/v2\/comments?post=205288"}],"version-history":[{"count":0,"href":"https:\/\/fightcolorectalcancer.org\/es\/wp-json\/wp\/v2\/pages\/205288\/revisions"}],"up":[{"embeddable":true,"href":"https:\/\/fightcolorectalcancer.org\/es\/wp-json\/wp\/v2\/pages\/205242"}],"wp:featuredmedia":[{"embeddable":true,"href":"https:\/\/fightcolorectalcancer.org\/es\/wp-json\/wp\/v2\/media\/205289"}],"wp:attachment":[{"href":"https:\/\/fightcolorectalcancer.org\/es\/wp-json\/wp\/v2\/media?parent=205288"}],"curies":[{"name":"wp","href":"https:\/\/api.w.org\/{rel}","templated":true}]}}