{"id":205717,"date":"2025-11-15T02:44:34","date_gmt":"2025-11-15T07:44:34","guid":{"rendered":"https:\/\/fightcolorectalcancer.org\/acerca-del-cancer-colorrectal\/cribado-y-deteccion-precoz\/pros-y-contras-de-los-analisis-de-sangre\/"},"modified":"2026-04-29T20:12:47","modified_gmt":"2026-04-30T00:12:47","slug":"pros-y-contras-de-los-analisis-de-sangre","status":"publish","type":"page","link":"https:\/\/fightcolorectalcancer.org\/es\/acerca-del-cancer-colorrectal\/cribado-y-deteccion-precoz\/pros-y-contras-de-los-analisis-de-sangre\/","title":{"rendered":"Pros y contras de los an\u00e1lisis de sangre"},"content":{"rendered":"","protected":false},"excerpt":{"rendered":"<p>Los an\u00e1lisis de sangre ofrecen una forma emergente de detectar el c\u00e1ncer colorrectal. Con un acceso cada vez mayor, esto es lo que hay que saber antes de elegir esta opci\u00f3n. <\/p>\n","protected":false},"author":9,"featured_media":205719,"parent":205242,"menu_order":0,"comment_status":"closed","ping_status":"closed","template":"","meta":{"_acf_changed":true,"footnotes":""},"class_list":["post-205717","page","type-page","status-publish","has-post-thumbnail","hentry"],"acf":[],"yoast_head":"<!-- This site is optimized with the Yoast SEO plugin v27.4 - https:\/\/yoast.com\/product\/yoast-seo-wordpress\/ -->\n<title>Pros y contras de los an\u00e1lisis de sangre - FightCRC<\/title>\n<meta name=\"description\" content=\"Los an\u00e1lisis de sangre son una opci\u00f3n emergente de cribado del c\u00e1ncer de colon. Inf\u00f3rmate sobre c\u00f3mo funcionan, sus ventajas sobre la colonoscopia, sus limitaciones y si los seguros las cubren.\" \/>\n<meta name=\"robots\" content=\"index, follow, max-snippet:-1, max-image-preview:large, max-video-preview:-1\" \/>\n<link rel=\"canonical\" href=\"https:\/\/fightcolorectalcancer.org\/es\/acerca-del-cancer-colorrectal\/cribado-y-deteccion-precoz\/pros-y-contras-de-los-analisis-de-sangre\/\" \/>\n<meta property=\"og:locale\" content=\"es_ES\" \/>\n<meta property=\"og:type\" content=\"article\" \/>\n<meta property=\"og:title\" content=\"Pros y contras de los an\u00e1lisis de sangre - FightCRC\" \/>\n<meta property=\"og:description\" content=\"Los an\u00e1lisis de sangre son una opci\u00f3n emergente de cribado del c\u00e1ncer de colon. Inf\u00f3rmate sobre c\u00f3mo funcionan, sus ventajas sobre la colonoscopia, sus limitaciones y si los seguros las cubren.\" \/>\n<meta property=\"og:url\" content=\"https:\/\/fightcolorectalcancer.org\/es\/acerca-del-cancer-colorrectal\/cribado-y-deteccion-precoz\/pros-y-contras-de-los-analisis-de-sangre\/\" \/>\n<meta property=\"og:site_name\" content=\"FightCRC\" \/>\n<meta property=\"article:publisher\" content=\"https:\/\/www.facebook.com\/FightCRC\/\" \/>\n<meta property=\"article:modified_time\" content=\"2026-04-30T00:12:47+00:00\" \/>\n<meta property=\"og:image\" content=\"https:\/\/fightcolorectalcancer.org\/wp-content\/uploads\/2025\/12\/AdobeStock_361837857-scaled.jpeg\" \/>\n\t<meta property=\"og:image:width\" content=\"2560\" \/>\n\t<meta property=\"og:image:height\" content=\"1707\" \/>\n\t<meta property=\"og:image:type\" content=\"image\/jpeg\" \/>\n<meta name=\"twitter:card\" content=\"summary_large_image\" \/>\n<meta name=\"twitter:site\" content=\"@fightcrc\" \/>\n<meta name=\"twitter:label1\" content=\"Tiempo de lectura\" \/>\n\t<meta name=\"twitter:data1\" content=\"1 minuto\" \/>\n<script type=\"application\/ld+json\" class=\"yoast-schema-graph\">{\"@context\":\"https:\\\/\\\/schema.org\",\"@graph\":[{\"@type\":\"WebPage\",\"@id\":\"https:\\\/\\\/fightcolorectalcancer.org\\\/es\\\/acerca-del-cancer-colorrectal\\\/cribado-y-deteccion-precoz\\\/pros-y-contras-de-los-analisis-de-sangre\\\/\",\"url\":\"https:\\\/\\\/fightcolorectalcancer.org\\\/es\\\/acerca-del-cancer-colorrectal\\\/cribado-y-deteccion-precoz\\\/pros-y-contras-de-los-analisis-de-sangre\\\/\",\"name\":\"Pros y contras de los an\u00e1lisis de sangre - FightCRC\",\"isPartOf\":{\"@id\":\"https:\\\/\\\/fightcolorectalcancer.org\\\/es\\\/#website\"},\"primaryImageOfPage\":{\"@id\":\"https:\\\/\\\/fightcolorectalcancer.org\\\/es\\\/acerca-del-cancer-colorrectal\\\/cribado-y-deteccion-precoz\\\/pros-y-contras-de-los-analisis-de-sangre\\\/#primaryimage\"},\"image\":{\"@id\":\"https:\\\/\\\/fightcolorectalcancer.org\\\/es\\\/acerca-del-cancer-colorrectal\\\/cribado-y-deteccion-precoz\\\/pros-y-contras-de-los-analisis-de-sangre\\\/#primaryimage\"},\"thumbnailUrl\":\"https:\\\/\\\/fightcolorectalcancer.org\\\/wp-content\\\/uploads\\\/2025\\\/12\\\/AdobeStock_361837857-scaled.jpeg\",\"datePublished\":\"2025-11-15T07:44:34+00:00\",\"dateModified\":\"2026-04-30T00:12:47+00:00\",\"description\":\"Los an\u00e1lisis de sangre son una opci\u00f3n emergente de cribado del c\u00e1ncer de colon. Inf\u00f3rmate sobre c\u00f3mo funcionan, sus ventajas sobre la colonoscopia, sus limitaciones y si los seguros las cubren.\",\"breadcrumb\":{\"@id\":\"https:\\\/\\\/fightcolorectalcancer.org\\\/es\\\/acerca-del-cancer-colorrectal\\\/cribado-y-deteccion-precoz\\\/pros-y-contras-de-los-analisis-de-sangre\\\/#breadcrumb\"},\"inLanguage\":\"es\",\"potentialAction\":[{\"@type\":\"ReadAction\",\"target\":[\"https:\\\/\\\/fightcolorectalcancer.org\\\/es\\\/acerca-del-cancer-colorrectal\\\/cribado-y-deteccion-precoz\\\/pros-y-contras-de-los-analisis-de-sangre\\\/\"]}]},{\"@type\":\"ImageObject\",\"inLanguage\":\"es\",\"@id\":\"https:\\\/\\\/fightcolorectalcancer.org\\\/es\\\/acerca-del-cancer-colorrectal\\\/cribado-y-deteccion-precoz\\\/pros-y-contras-de-los-analisis-de-sangre\\\/#primaryimage\",\"url\":\"https:\\\/\\\/fightcolorectalcancer.org\\\/wp-content\\\/uploads\\\/2025\\\/12\\\/AdobeStock_361837857-scaled.jpeg\",\"contentUrl\":\"https:\\\/\\\/fightcolorectalcancer.org\\\/wp-content\\\/uploads\\\/2025\\\/12\\\/AdobeStock_361837857-scaled.jpeg\",\"width\":2560,\"height\":1707,\"caption\":\"Primer plano de tubos con muestras de sangre en una mesa de laboratorio\"},{\"@type\":\"BreadcrumbList\",\"@id\":\"https:\\\/\\\/fightcolorectalcancer.org\\\/es\\\/acerca-del-cancer-colorrectal\\\/cribado-y-deteccion-precoz\\\/pros-y-contras-de-los-analisis-de-sangre\\\/#breadcrumb\",\"itemListElement\":[{\"@type\":\"ListItem\",\"position\":1,\"name\":\"P\u00e1gina de inicio\",\"item\":\"https:\\\/\\\/fightcolorectalcancer.org\\\/es\\\/\"},{\"@type\":\"ListItem\",\"position\":2,\"name\":\"Acerca del c\u00e1ncer colorrectal\",\"item\":\"https:\\\/\\\/fightcolorectalcancer.org\\\/es\\\/acerca-del-cancer-colorrectal\\\/\"},{\"@type\":\"ListItem\",\"position\":3,\"name\":\"Cribado y detecci\u00f3n precoz\",\"item\":\"https:\\\/\\\/fightcolorectalcancer.org\\\/es\\\/acerca-del-cancer-colorrectal\\\/cribado-y-deteccion-precoz\\\/\"},{\"@type\":\"ListItem\",\"position\":4,\"name\":\"Pros y contras de los an\u00e1lisis de sangre\"}]},{\"@type\":\"WebSite\",\"@id\":\"https:\\\/\\\/fightcolorectalcancer.org\\\/es\\\/#website\",\"url\":\"https:\\\/\\\/fightcolorectalcancer.org\\\/es\\\/\",\"name\":\"Fight Colorectal Cancer\",\"description\":\"\",\"publisher\":{\"@id\":\"https:\\\/\\\/fightcolorectalcancer.org\\\/es\\\/#organization\"},\"potentialAction\":[{\"@type\":\"SearchAction\",\"target\":{\"@type\":\"EntryPoint\",\"urlTemplate\":\"https:\\\/\\\/fightcolorectalcancer.org\\\/es\\\/?s={search_term_string}\"},\"query-input\":{\"@type\":\"PropertyValueSpecification\",\"valueRequired\":true,\"valueName\":\"search_term_string\"}}],\"inLanguage\":\"es\"},{\"@type\":\"Organization\",\"@id\":\"https:\\\/\\\/fightcolorectalcancer.org\\\/es\\\/#organization\",\"name\":\"Fight Colorectal Cancer\",\"url\":\"https:\\\/\\\/fightcolorectalcancer.org\\\/es\\\/\",\"logo\":{\"@type\":\"ImageObject\",\"inLanguage\":\"es\",\"@id\":\"https:\\\/\\\/fightcolorectalcancer.org\\\/es\\\/#\\\/schema\\\/logo\\\/image\\\/\",\"url\":\"https:\\\/\\\/fightcolorectalcancer.org\\\/wp-content\\\/uploads\\\/2025\\\/10\\\/e64f86851297bb53f096acdf76c859a294e23b96-1-1.png\",\"contentUrl\":\"https:\\\/\\\/fightcolorectalcancer.org\\\/wp-content\\\/uploads\\\/2025\\\/10\\\/e64f86851297bb53f096acdf76c859a294e23b96-1-1.png\",\"width\":1265,\"height\":450,\"caption\":\"Fight Colorectal Cancer\"},\"image\":{\"@id\":\"https:\\\/\\\/fightcolorectalcancer.org\\\/es\\\/#\\\/schema\\\/logo\\\/image\\\/\"},\"sameAs\":[\"https:\\\/\\\/www.facebook.com\\\/FightCRC\\\/\",\"https:\\\/\\\/x.com\\\/fightcrc\",\"https:\\\/\\\/www.instagram.com\\\/fightcrc\\\/\",\"https:\\\/\\\/www.youtube.com\\\/@FightCRC\",\"https:\\\/\\\/www.tiktok.com\\\/@fightcrc\",\"https:\\\/\\\/www.linkedin.com\\\/company\\\/fight-colorectal-cancer\\\/\",\"https:\\\/\\\/bsky.app\\\/profile\\\/fightcrc.bsky.social\"]}]}<\/script>\n<!-- \/ Yoast SEO plugin. -->","yoast_head_json":{"title":"Pros y contras de los an\u00e1lisis de sangre - FightCRC","description":"Los an\u00e1lisis de sangre son una opci\u00f3n emergente de cribado del c\u00e1ncer de colon. Inf\u00f3rmate sobre c\u00f3mo funcionan, sus ventajas sobre la colonoscopia, sus limitaciones y si los seguros las cubren.","robots":{"index":"index","follow":"follow","max-snippet":"max-snippet:-1","max-image-preview":"max-image-preview:large","max-video-preview":"max-video-preview:-1"},"canonical":"https:\/\/fightcolorectalcancer.org\/es\/acerca-del-cancer-colorrectal\/cribado-y-deteccion-precoz\/pros-y-contras-de-los-analisis-de-sangre\/","og_locale":"es_ES","og_type":"article","og_title":"Pros y contras de los an\u00e1lisis de sangre - FightCRC","og_description":"Los an\u00e1lisis de sangre son una opci\u00f3n emergente de cribado del c\u00e1ncer de colon. Inf\u00f3rmate sobre c\u00f3mo funcionan, sus ventajas sobre la colonoscopia, sus limitaciones y si los seguros las cubren.","og_url":"https:\/\/fightcolorectalcancer.org\/es\/acerca-del-cancer-colorrectal\/cribado-y-deteccion-precoz\/pros-y-contras-de-los-analisis-de-sangre\/","og_site_name":"FightCRC","article_publisher":"https:\/\/www.facebook.com\/FightCRC\/","article_modified_time":"2026-04-30T00:12:47+00:00","og_image":[{"width":2560,"height":1707,"url":"https:\/\/fightcolorectalcancer.org\/wp-content\/uploads\/2025\/12\/AdobeStock_361837857-scaled.jpeg","type":"image\/jpeg"}],"twitter_card":"summary_large_image","twitter_site":"@fightcrc","twitter_misc":{"Tiempo de lectura":"1 minuto"},"schema":{"@context":"https:\/\/schema.org","@graph":[{"@type":"WebPage","@id":"https:\/\/fightcolorectalcancer.org\/es\/acerca-del-cancer-colorrectal\/cribado-y-deteccion-precoz\/pros-y-contras-de-los-analisis-de-sangre\/","url":"https:\/\/fightcolorectalcancer.org\/es\/acerca-del-cancer-colorrectal\/cribado-y-deteccion-precoz\/pros-y-contras-de-los-analisis-de-sangre\/","name":"Pros y contras de los an\u00e1lisis de sangre - FightCRC","isPartOf":{"@id":"https:\/\/fightcolorectalcancer.org\/es\/#website"},"primaryImageOfPage":{"@id":"https:\/\/fightcolorectalcancer.org\/es\/acerca-del-cancer-colorrectal\/cribado-y-deteccion-precoz\/pros-y-contras-de-los-analisis-de-sangre\/#primaryimage"},"image":{"@id":"https:\/\/fightcolorectalcancer.org\/es\/acerca-del-cancer-colorrectal\/cribado-y-deteccion-precoz\/pros-y-contras-de-los-analisis-de-sangre\/#primaryimage"},"thumbnailUrl":"https:\/\/fightcolorectalcancer.org\/wp-content\/uploads\/2025\/12\/AdobeStock_361837857-scaled.jpeg","datePublished":"2025-11-15T07:44:34+00:00","dateModified":"2026-04-30T00:12:47+00:00","description":"Los an\u00e1lisis de sangre son una opci\u00f3n emergente de cribado del c\u00e1ncer de colon. Inf\u00f3rmate sobre c\u00f3mo funcionan, sus ventajas sobre la colonoscopia, sus limitaciones y si los seguros las cubren.","breadcrumb":{"@id":"https:\/\/fightcolorectalcancer.org\/es\/acerca-del-cancer-colorrectal\/cribado-y-deteccion-precoz\/pros-y-contras-de-los-analisis-de-sangre\/#breadcrumb"},"inLanguage":"es","potentialAction":[{"@type":"ReadAction","target":["https:\/\/fightcolorectalcancer.org\/es\/acerca-del-cancer-colorrectal\/cribado-y-deteccion-precoz\/pros-y-contras-de-los-analisis-de-sangre\/"]}]},{"@type":"ImageObject","inLanguage":"es","@id":"https:\/\/fightcolorectalcancer.org\/es\/acerca-del-cancer-colorrectal\/cribado-y-deteccion-precoz\/pros-y-contras-de-los-analisis-de-sangre\/#primaryimage","url":"https:\/\/fightcolorectalcancer.org\/wp-content\/uploads\/2025\/12\/AdobeStock_361837857-scaled.jpeg","contentUrl":"https:\/\/fightcolorectalcancer.org\/wp-content\/uploads\/2025\/12\/AdobeStock_361837857-scaled.jpeg","width":2560,"height":1707,"caption":"Primer plano de tubos con muestras de sangre en una mesa de laboratorio"},{"@type":"BreadcrumbList","@id":"https:\/\/fightcolorectalcancer.org\/es\/acerca-del-cancer-colorrectal\/cribado-y-deteccion-precoz\/pros-y-contras-de-los-analisis-de-sangre\/#breadcrumb","itemListElement":[{"@type":"ListItem","position":1,"name":"P\u00e1gina de inicio","item":"https:\/\/fightcolorectalcancer.org\/es\/"},{"@type":"ListItem","position":2,"name":"Acerca del c\u00e1ncer colorrectal","item":"https:\/\/fightcolorectalcancer.org\/es\/acerca-del-cancer-colorrectal\/"},{"@type":"ListItem","position":3,"name":"Cribado y detecci\u00f3n precoz","item":"https:\/\/fightcolorectalcancer.org\/es\/acerca-del-cancer-colorrectal\/cribado-y-deteccion-precoz\/"},{"@type":"ListItem","position":4,"name":"Pros y contras de los an\u00e1lisis de sangre"}]},{"@type":"WebSite","@id":"https:\/\/fightcolorectalcancer.org\/es\/#website","url":"https:\/\/fightcolorectalcancer.org\/es\/","name":"Fight Colorectal Cancer","description":"","publisher":{"@id":"https:\/\/fightcolorectalcancer.org\/es\/#organization"},"potentialAction":[{"@type":"SearchAction","target":{"@type":"EntryPoint","urlTemplate":"https:\/\/fightcolorectalcancer.org\/es\/?s={search_term_string}"},"query-input":{"@type":"PropertyValueSpecification","valueRequired":true,"valueName":"search_term_string"}}],"inLanguage":"es"},{"@type":"Organization","@id":"https:\/\/fightcolorectalcancer.org\/es\/#organization","name":"Fight Colorectal Cancer","url":"https:\/\/fightcolorectalcancer.org\/es\/","logo":{"@type":"ImageObject","inLanguage":"es","@id":"https:\/\/fightcolorectalcancer.org\/es\/#\/schema\/logo\/image\/","url":"https:\/\/fightcolorectalcancer.org\/wp-content\/uploads\/2025\/10\/e64f86851297bb53f096acdf76c859a294e23b96-1-1.png","contentUrl":"https:\/\/fightcolorectalcancer.org\/wp-content\/uploads\/2025\/10\/e64f86851297bb53f096acdf76c859a294e23b96-1-1.png","width":1265,"height":450,"caption":"Fight Colorectal Cancer"},"image":{"@id":"https:\/\/fightcolorectalcancer.org\/es\/#\/schema\/logo\/image\/"},"sameAs":["https:\/\/www.facebook.com\/FightCRC\/","https:\/\/x.com\/fightcrc","https:\/\/www.instagram.com\/fightcrc\/","https:\/\/www.youtube.com\/@FightCRC","https:\/\/www.tiktok.com\/@fightcrc","https:\/\/www.linkedin.com\/company\/fight-colorectal-cancer\/","https:\/\/bsky.app\/profile\/fightcrc.bsky.social"]}]}},"_links":{"self":[{"href":"https:\/\/fightcolorectalcancer.org\/es\/wp-json\/wp\/v2\/pages\/205717","targetHints":{"allow":["GET"]}}],"collection":[{"href":"https:\/\/fightcolorectalcancer.org\/es\/wp-json\/wp\/v2\/pages"}],"about":[{"href":"https:\/\/fightcolorectalcancer.org\/es\/wp-json\/wp\/v2\/types\/page"}],"author":[{"embeddable":true,"href":"https:\/\/fightcolorectalcancer.org\/es\/wp-json\/wp\/v2\/users\/9"}],"replies":[{"embeddable":true,"href":"https:\/\/fightcolorectalcancer.org\/es\/wp-json\/wp\/v2\/comments?post=205717"}],"version-history":[{"count":0,"href":"https:\/\/fightcolorectalcancer.org\/es\/wp-json\/wp\/v2\/pages\/205717\/revisions"}],"up":[{"embeddable":true,"href":"https:\/\/fightcolorectalcancer.org\/es\/wp-json\/wp\/v2\/pages\/205242"}],"wp:featuredmedia":[{"embeddable":true,"href":"https:\/\/fightcolorectalcancer.org\/es\/wp-json\/wp\/v2\/media\/205719"}],"wp:attachment":[{"href":"https:\/\/fightcolorectalcancer.org\/es\/wp-json\/wp\/v2\/media?parent=205717"}],"curies":[{"name":"wp","href":"https:\/\/api.w.org\/{rel}","templated":true}]}}