{"id":205937,"date":"2025-11-10T21:37:44","date_gmt":"2025-11-11T02:37:44","guid":{"rendered":"https:\/\/fightcolorectalcancer.org\/nuestros-programas\/defensa\/prioridades-politicas\/"},"modified":"2026-05-04T16:10:46","modified_gmt":"2026-05-04T20:10:46","slug":"prioridades-politicas","status":"publish","type":"page","link":"https:\/\/fightcolorectalcancer.org\/es\/nuestros-programas\/defensa\/prioridades-politicas\/","title":{"rendered":"Prioridades pol\u00edticas"},"content":{"rendered":"","protected":false},"excerpt":{"rendered":"<p>Conoce los objetivos pol\u00edticos que gu\u00edan la labor de defensa de Fight CRC, desde el avance de la investigaci\u00f3n y la mejora del acceso al cribado hasta el apoyo a pacientes y familias.<\/p>\n","protected":false},"author":3,"featured_media":205938,"parent":205406,"menu_order":0,"comment_status":"closed","ping_status":"closed","template":"","meta":{"_acf_changed":true,"footnotes":""},"class_list":["post-205937","page","type-page","status-publish","has-post-thumbnail","hentry"],"acf":[],"yoast_head":"<!-- This site is optimized with the Yoast SEO plugin v27.4 - https:\/\/yoast.com\/product\/yoast-seo-wordpress\/ -->\n<title>Prioridades pol\u00edticas - FightCRC<\/title>\n<meta name=\"description\" content=\"La Lucha contra el C\u00e1ncer Colorrectal aboga por pol\u00edticas federales y estatales que financien la investigaci\u00f3n sobre el CCR, ampl\u00eden las pruebas de detecci\u00f3n y garanticen el acceso de los pacientes a una asistencia equitativa y de alta calidad.\" \/>\n<meta name=\"robots\" content=\"index, follow, max-snippet:-1, max-image-preview:large, max-video-preview:-1\" \/>\n<link rel=\"canonical\" href=\"https:\/\/fightcolorectalcancer.org\/es\/nuestros-programas\/defensa\/prioridades-politicas\/\" \/>\n<meta property=\"og:locale\" content=\"es_ES\" \/>\n<meta property=\"og:type\" content=\"article\" \/>\n<meta property=\"og:title\" content=\"Prioridades pol\u00edticas - FightCRC\" \/>\n<meta property=\"og:description\" content=\"La Lucha contra el C\u00e1ncer Colorrectal aboga por pol\u00edticas federales y estatales que financien la investigaci\u00f3n sobre el CCR, ampl\u00eden las pruebas de detecci\u00f3n y garanticen el acceso de los pacientes a una asistencia equitativa y de alta calidad.\" \/>\n<meta property=\"og:url\" content=\"https:\/\/fightcolorectalcancer.org\/es\/nuestros-programas\/defensa\/prioridades-politicas\/\" \/>\n<meta property=\"og:site_name\" content=\"FightCRC\" \/>\n<meta property=\"article:publisher\" content=\"https:\/\/www.facebook.com\/FightCRC\/\" \/>\n<meta property=\"article:modified_time\" content=\"2026-05-04T20:10:46+00:00\" \/>\n<meta property=\"og:image\" content=\"https:\/\/fightcolorectalcancer.org\/wp-content\/uploads\/2025\/12\/250311119-scaled.jpg\" \/>\n\t<meta property=\"og:image:width\" content=\"2560\" \/>\n\t<meta property=\"og:image:height\" content=\"1707\" \/>\n\t<meta property=\"og:image:type\" content=\"image\/jpeg\" \/>\n<meta name=\"twitter:card\" content=\"summary_large_image\" \/>\n<meta name=\"twitter:site\" content=\"@fightcrc\" \/>\n<meta name=\"twitter:label1\" content=\"Tiempo de lectura\" \/>\n\t<meta name=\"twitter:data1\" content=\"1 minuto\" \/>\n<script type=\"application\/ld+json\" class=\"yoast-schema-graph\">{\"@context\":\"https:\\\/\\\/schema.org\",\"@graph\":[{\"@type\":\"WebPage\",\"@id\":\"https:\\\/\\\/fightcolorectalcancer.org\\\/es\\\/nuestros-programas\\\/defensa\\\/prioridades-politicas\\\/\",\"url\":\"https:\\\/\\\/fightcolorectalcancer.org\\\/es\\\/nuestros-programas\\\/defensa\\\/prioridades-politicas\\\/\",\"name\":\"Prioridades pol\u00edticas - FightCRC\",\"isPartOf\":{\"@id\":\"https:\\\/\\\/fightcolorectalcancer.org\\\/es\\\/#website\"},\"primaryImageOfPage\":{\"@id\":\"https:\\\/\\\/fightcolorectalcancer.org\\\/es\\\/nuestros-programas\\\/defensa\\\/prioridades-politicas\\\/#primaryimage\"},\"image\":{\"@id\":\"https:\\\/\\\/fightcolorectalcancer.org\\\/es\\\/nuestros-programas\\\/defensa\\\/prioridades-politicas\\\/#primaryimage\"},\"thumbnailUrl\":\"https:\\\/\\\/fightcolorectalcancer.org\\\/wp-content\\\/uploads\\\/2025\\\/12\\\/250311119-scaled.jpg\",\"datePublished\":\"2025-11-11T02:37:44+00:00\",\"dateModified\":\"2026-05-04T20:10:46+00:00\",\"description\":\"La Lucha contra el C\u00e1ncer Colorrectal aboga por pol\u00edticas federales y estatales que financien la investigaci\u00f3n sobre el CCR, ampl\u00eden las pruebas de detecci\u00f3n y garanticen el acceso de los pacientes a una asistencia equitativa y de alta calidad.\",\"breadcrumb\":{\"@id\":\"https:\\\/\\\/fightcolorectalcancer.org\\\/es\\\/nuestros-programas\\\/defensa\\\/prioridades-politicas\\\/#breadcrumb\"},\"inLanguage\":\"es\",\"potentialAction\":[{\"@type\":\"ReadAction\",\"target\":[\"https:\\\/\\\/fightcolorectalcancer.org\\\/es\\\/nuestros-programas\\\/defensa\\\/prioridades-politicas\\\/\"]}]},{\"@type\":\"ImageObject\",\"inLanguage\":\"es\",\"@id\":\"https:\\\/\\\/fightcolorectalcancer.org\\\/es\\\/nuestros-programas\\\/defensa\\\/prioridades-politicas\\\/#primaryimage\",\"url\":\"https:\\\/\\\/fightcolorectalcancer.org\\\/wp-content\\\/uploads\\\/2025\\\/12\\\/250311119-scaled.jpg\",\"contentUrl\":\"https:\\\/\\\/fightcolorectalcancer.org\\\/wp-content\\\/uploads\\\/2025\\\/12\\\/250311119-scaled.jpg\",\"width\":2560,\"height\":1707,\"caption\":\"Los embajadores de Fight CRC Markham Rollins y Antonio Dionizio (en la foto de izquierda a derecha) asisten al Congreso Call-on en Washington, D. C. con supervivientes de c\u00e1ncer de colon y recto, cuidadores y defensores de todo EE.UU. para alzar sus voces en Washington, D.C. foto de Evan Michio para Fight CRC\"},{\"@type\":\"BreadcrumbList\",\"@id\":\"https:\\\/\\\/fightcolorectalcancer.org\\\/es\\\/nuestros-programas\\\/defensa\\\/prioridades-politicas\\\/#breadcrumb\",\"itemListElement\":[{\"@type\":\"ListItem\",\"position\":1,\"name\":\"P\u00e1gina de inicio\",\"item\":\"https:\\\/\\\/fightcolorectalcancer.org\\\/es\\\/\"},{\"@type\":\"ListItem\",\"position\":2,\"name\":\"Nuestros programas\",\"item\":\"https:\\\/\\\/fightcolorectalcancer.org\\\/es\\\/nuestros-programas\\\/\"},{\"@type\":\"ListItem\",\"position\":3,\"name\":\"Defensa\",\"item\":\"https:\\\/\\\/fightcolorectalcancer.org\\\/es\\\/nuestros-programas\\\/defensa\\\/\"},{\"@type\":\"ListItem\",\"position\":4,\"name\":\"Prioridades pol\u00edticas\"}]},{\"@type\":\"WebSite\",\"@id\":\"https:\\\/\\\/fightcolorectalcancer.org\\\/es\\\/#website\",\"url\":\"https:\\\/\\\/fightcolorectalcancer.org\\\/es\\\/\",\"name\":\"Fight Colorectal Cancer\",\"description\":\"\",\"publisher\":{\"@id\":\"https:\\\/\\\/fightcolorectalcancer.org\\\/es\\\/#organization\"},\"potentialAction\":[{\"@type\":\"SearchAction\",\"target\":{\"@type\":\"EntryPoint\",\"urlTemplate\":\"https:\\\/\\\/fightcolorectalcancer.org\\\/es\\\/?s={search_term_string}\"},\"query-input\":{\"@type\":\"PropertyValueSpecification\",\"valueRequired\":true,\"valueName\":\"search_term_string\"}}],\"inLanguage\":\"es\"},{\"@type\":\"Organization\",\"@id\":\"https:\\\/\\\/fightcolorectalcancer.org\\\/es\\\/#organization\",\"name\":\"Fight Colorectal Cancer\",\"url\":\"https:\\\/\\\/fightcolorectalcancer.org\\\/es\\\/\",\"logo\":{\"@type\":\"ImageObject\",\"inLanguage\":\"es\",\"@id\":\"https:\\\/\\\/fightcolorectalcancer.org\\\/es\\\/#\\\/schema\\\/logo\\\/image\\\/\",\"url\":\"https:\\\/\\\/fightcolorectalcancer.org\\\/wp-content\\\/uploads\\\/2025\\\/10\\\/e64f86851297bb53f096acdf76c859a294e23b96-1-1.png\",\"contentUrl\":\"https:\\\/\\\/fightcolorectalcancer.org\\\/wp-content\\\/uploads\\\/2025\\\/10\\\/e64f86851297bb53f096acdf76c859a294e23b96-1-1.png\",\"width\":1265,\"height\":450,\"caption\":\"Fight Colorectal Cancer\"},\"image\":{\"@id\":\"https:\\\/\\\/fightcolorectalcancer.org\\\/es\\\/#\\\/schema\\\/logo\\\/image\\\/\"},\"sameAs\":[\"https:\\\/\\\/www.facebook.com\\\/FightCRC\\\/\",\"https:\\\/\\\/x.com\\\/fightcrc\",\"https:\\\/\\\/www.instagram.com\\\/fightcrc\\\/\",\"https:\\\/\\\/www.youtube.com\\\/@FightCRC\",\"https:\\\/\\\/www.tiktok.com\\\/@fightcrc\",\"https:\\\/\\\/www.linkedin.com\\\/company\\\/fight-colorectal-cancer\\\/\",\"https:\\\/\\\/bsky.app\\\/profile\\\/fightcrc.bsky.social\"]}]}<\/script>\n<!-- \/ Yoast SEO plugin. -->","yoast_head_json":{"title":"Prioridades pol\u00edticas - FightCRC","description":"La Lucha contra el C\u00e1ncer Colorrectal aboga por pol\u00edticas federales y estatales que financien la investigaci\u00f3n sobre el CCR, ampl\u00eden las pruebas de detecci\u00f3n y garanticen el acceso de los pacientes a una asistencia equitativa y de alta calidad.","robots":{"index":"index","follow":"follow","max-snippet":"max-snippet:-1","max-image-preview":"max-image-preview:large","max-video-preview":"max-video-preview:-1"},"canonical":"https:\/\/fightcolorectalcancer.org\/es\/nuestros-programas\/defensa\/prioridades-politicas\/","og_locale":"es_ES","og_type":"article","og_title":"Prioridades pol\u00edticas - FightCRC","og_description":"La Lucha contra el C\u00e1ncer Colorrectal aboga por pol\u00edticas federales y estatales que financien la investigaci\u00f3n sobre el CCR, ampl\u00eden las pruebas de detecci\u00f3n y garanticen el acceso de los pacientes a una asistencia equitativa y de alta calidad.","og_url":"https:\/\/fightcolorectalcancer.org\/es\/nuestros-programas\/defensa\/prioridades-politicas\/","og_site_name":"FightCRC","article_publisher":"https:\/\/www.facebook.com\/FightCRC\/","article_modified_time":"2026-05-04T20:10:46+00:00","og_image":[{"width":2560,"height":1707,"url":"https:\/\/fightcolorectalcancer.org\/wp-content\/uploads\/2025\/12\/250311119-scaled.jpg","type":"image\/jpeg"}],"twitter_card":"summary_large_image","twitter_site":"@fightcrc","twitter_misc":{"Tiempo de lectura":"1 minuto"},"schema":{"@context":"https:\/\/schema.org","@graph":[{"@type":"WebPage","@id":"https:\/\/fightcolorectalcancer.org\/es\/nuestros-programas\/defensa\/prioridades-politicas\/","url":"https:\/\/fightcolorectalcancer.org\/es\/nuestros-programas\/defensa\/prioridades-politicas\/","name":"Prioridades pol\u00edticas - FightCRC","isPartOf":{"@id":"https:\/\/fightcolorectalcancer.org\/es\/#website"},"primaryImageOfPage":{"@id":"https:\/\/fightcolorectalcancer.org\/es\/nuestros-programas\/defensa\/prioridades-politicas\/#primaryimage"},"image":{"@id":"https:\/\/fightcolorectalcancer.org\/es\/nuestros-programas\/defensa\/prioridades-politicas\/#primaryimage"},"thumbnailUrl":"https:\/\/fightcolorectalcancer.org\/wp-content\/uploads\/2025\/12\/250311119-scaled.jpg","datePublished":"2025-11-11T02:37:44+00:00","dateModified":"2026-05-04T20:10:46+00:00","description":"La Lucha contra el C\u00e1ncer Colorrectal aboga por pol\u00edticas federales y estatales que financien la investigaci\u00f3n sobre el CCR, ampl\u00eden las pruebas de detecci\u00f3n y garanticen el acceso de los pacientes a una asistencia equitativa y de alta calidad.","breadcrumb":{"@id":"https:\/\/fightcolorectalcancer.org\/es\/nuestros-programas\/defensa\/prioridades-politicas\/#breadcrumb"},"inLanguage":"es","potentialAction":[{"@type":"ReadAction","target":["https:\/\/fightcolorectalcancer.org\/es\/nuestros-programas\/defensa\/prioridades-politicas\/"]}]},{"@type":"ImageObject","inLanguage":"es","@id":"https:\/\/fightcolorectalcancer.org\/es\/nuestros-programas\/defensa\/prioridades-politicas\/#primaryimage","url":"https:\/\/fightcolorectalcancer.org\/wp-content\/uploads\/2025\/12\/250311119-scaled.jpg","contentUrl":"https:\/\/fightcolorectalcancer.org\/wp-content\/uploads\/2025\/12\/250311119-scaled.jpg","width":2560,"height":1707,"caption":"Los embajadores de Fight CRC Markham Rollins y Antonio Dionizio (en la foto de izquierda a derecha) asisten al Congreso Call-on en Washington, D. C. con supervivientes de c\u00e1ncer de colon y recto, cuidadores y defensores de todo EE.UU. para alzar sus voces en Washington, D.C. foto de Evan Michio para Fight CRC"},{"@type":"BreadcrumbList","@id":"https:\/\/fightcolorectalcancer.org\/es\/nuestros-programas\/defensa\/prioridades-politicas\/#breadcrumb","itemListElement":[{"@type":"ListItem","position":1,"name":"P\u00e1gina de inicio","item":"https:\/\/fightcolorectalcancer.org\/es\/"},{"@type":"ListItem","position":2,"name":"Nuestros programas","item":"https:\/\/fightcolorectalcancer.org\/es\/nuestros-programas\/"},{"@type":"ListItem","position":3,"name":"Defensa","item":"https:\/\/fightcolorectalcancer.org\/es\/nuestros-programas\/defensa\/"},{"@type":"ListItem","position":4,"name":"Prioridades pol\u00edticas"}]},{"@type":"WebSite","@id":"https:\/\/fightcolorectalcancer.org\/es\/#website","url":"https:\/\/fightcolorectalcancer.org\/es\/","name":"Fight Colorectal Cancer","description":"","publisher":{"@id":"https:\/\/fightcolorectalcancer.org\/es\/#organization"},"potentialAction":[{"@type":"SearchAction","target":{"@type":"EntryPoint","urlTemplate":"https:\/\/fightcolorectalcancer.org\/es\/?s={search_term_string}"},"query-input":{"@type":"PropertyValueSpecification","valueRequired":true,"valueName":"search_term_string"}}],"inLanguage":"es"},{"@type":"Organization","@id":"https:\/\/fightcolorectalcancer.org\/es\/#organization","name":"Fight Colorectal Cancer","url":"https:\/\/fightcolorectalcancer.org\/es\/","logo":{"@type":"ImageObject","inLanguage":"es","@id":"https:\/\/fightcolorectalcancer.org\/es\/#\/schema\/logo\/image\/","url":"https:\/\/fightcolorectalcancer.org\/wp-content\/uploads\/2025\/10\/e64f86851297bb53f096acdf76c859a294e23b96-1-1.png","contentUrl":"https:\/\/fightcolorectalcancer.org\/wp-content\/uploads\/2025\/10\/e64f86851297bb53f096acdf76c859a294e23b96-1-1.png","width":1265,"height":450,"caption":"Fight Colorectal Cancer"},"image":{"@id":"https:\/\/fightcolorectalcancer.org\/es\/#\/schema\/logo\/image\/"},"sameAs":["https:\/\/www.facebook.com\/FightCRC\/","https:\/\/x.com\/fightcrc","https:\/\/www.instagram.com\/fightcrc\/","https:\/\/www.youtube.com\/@FightCRC","https:\/\/www.tiktok.com\/@fightcrc","https:\/\/www.linkedin.com\/company\/fight-colorectal-cancer\/","https:\/\/bsky.app\/profile\/fightcrc.bsky.social"]}]}},"_links":{"self":[{"href":"https:\/\/fightcolorectalcancer.org\/es\/wp-json\/wp\/v2\/pages\/205937","targetHints":{"allow":["GET"]}}],"collection":[{"href":"https:\/\/fightcolorectalcancer.org\/es\/wp-json\/wp\/v2\/pages"}],"about":[{"href":"https:\/\/fightcolorectalcancer.org\/es\/wp-json\/wp\/v2\/types\/page"}],"author":[{"embeddable":true,"href":"https:\/\/fightcolorectalcancer.org\/es\/wp-json\/wp\/v2\/users\/3"}],"replies":[{"embeddable":true,"href":"https:\/\/fightcolorectalcancer.org\/es\/wp-json\/wp\/v2\/comments?post=205937"}],"version-history":[{"count":0,"href":"https:\/\/fightcolorectalcancer.org\/es\/wp-json\/wp\/v2\/pages\/205937\/revisions"}],"up":[{"embeddable":true,"href":"https:\/\/fightcolorectalcancer.org\/es\/wp-json\/wp\/v2\/pages\/205406"}],"wp:featuredmedia":[{"embeddable":true,"href":"https:\/\/fightcolorectalcancer.org\/es\/wp-json\/wp\/v2\/media\/205938"}],"wp:attachment":[{"href":"https:\/\/fightcolorectalcancer.org\/es\/wp-json\/wp\/v2\/media?parent=205937"}],"curies":[{"name":"wp","href":"https:\/\/api.w.org\/{rel}","templated":true}]}}