{"id":206013,"date":"2025-11-10T22:10:04","date_gmt":"2025-11-11T03:10:04","guid":{"rendered":"https:\/\/fightcolorectalcancer.org\/nuestros-programas\/investiga\/prioridades-de-investigacion\/"},"modified":"2026-05-05T14:48:51","modified_gmt":"2026-05-05T18:48:51","slug":"prioridades-de-investigacion","status":"publish","type":"page","link":"https:\/\/fightcolorectalcancer.org\/es\/nuestros-programas\/investiga\/prioridades-de-investigacion\/","title":{"rendered":"Prioridades de investigaci\u00f3n"},"content":{"rendered":"","protected":false},"excerpt":{"rendered":"<p>Explora las prioridades de investigaci\u00f3n que gu\u00edan las inversiones de Fight CRC, desde el c\u00e1ncer colorrectal de inicio precoz hasta los biomarcadores, la medicina de precisi\u00f3n y la supervivencia.<\/p>\n","protected":false},"author":3,"featured_media":206014,"parent":205410,"menu_order":0,"comment_status":"closed","ping_status":"closed","template":"page-table-contents.php","meta":{"_acf_changed":false,"footnotes":""},"class_list":["post-206013","page","type-page","status-publish","has-post-thumbnail","hentry"],"acf":[],"yoast_head":"<!-- This site is optimized with the Yoast SEO plugin v27.4 - https:\/\/yoast.com\/product\/yoast-seo-wordpress\/ -->\n<title>Prioridades de investigaci\u00f3n - FightCRC<\/title>\n<meta name=\"robots\" content=\"index, follow, max-snippet:-1, max-image-preview:large, max-video-preview:-1\" \/>\n<link rel=\"canonical\" href=\"https:\/\/fightcolorectalcancer.org\/es\/nuestros-programas\/investiga\/prioridades-de-investigacion\/\" \/>\n<meta property=\"og:locale\" content=\"es_ES\" \/>\n<meta property=\"og:type\" content=\"article\" \/>\n<meta property=\"og:title\" content=\"Prioridades de investigaci\u00f3n - FightCRC\" \/>\n<meta property=\"og:description\" content=\"Explora las prioridades de investigaci\u00f3n que gu\u00edan las inversiones de Fight CRC, desde el c\u00e1ncer colorrectal de inicio precoz hasta los biomarcadores, la medicina de precisi\u00f3n y la supervivencia.\" \/>\n<meta property=\"og:url\" content=\"https:\/\/fightcolorectalcancer.org\/es\/nuestros-programas\/investiga\/prioridades-de-investigacion\/\" \/>\n<meta property=\"og:site_name\" content=\"FightCRC\" \/>\n<meta property=\"article:publisher\" content=\"https:\/\/www.facebook.com\/FightCRC\/\" \/>\n<meta property=\"article:modified_time\" content=\"2026-05-05T18:48:51+00:00\" \/>\n<meta property=\"og:image\" content=\"https:\/\/fightcolorectalcancer.org\/wp-content\/uploads\/2025\/12\/united-in-blue-rally-2024_53595550268_o.jpg\" \/>\n\t<meta property=\"og:image:width\" content=\"2560\" \/>\n\t<meta property=\"og:image:height\" content=\"1707\" \/>\n\t<meta property=\"og:image:type\" content=\"image\/jpeg\" \/>\n<meta name=\"twitter:card\" content=\"summary_large_image\" \/>\n<meta name=\"twitter:site\" content=\"@fightcrc\" \/>\n<script type=\"application\/ld+json\" class=\"yoast-schema-graph\">{\"@context\":\"https:\\\/\\\/schema.org\",\"@graph\":[{\"@type\":\"WebPage\",\"@id\":\"https:\\\/\\\/fightcolorectalcancer.org\\\/es\\\/nuestros-programas\\\/investiga\\\/prioridades-de-investigacion\\\/\",\"url\":\"https:\\\/\\\/fightcolorectalcancer.org\\\/es\\\/nuestros-programas\\\/investiga\\\/prioridades-de-investigacion\\\/\",\"name\":\"Prioridades de investigaci\u00f3n - FightCRC\",\"isPartOf\":{\"@id\":\"https:\\\/\\\/fightcolorectalcancer.org\\\/es\\\/#website\"},\"primaryImageOfPage\":{\"@id\":\"https:\\\/\\\/fightcolorectalcancer.org\\\/es\\\/nuestros-programas\\\/investiga\\\/prioridades-de-investigacion\\\/#primaryimage\"},\"image\":{\"@id\":\"https:\\\/\\\/fightcolorectalcancer.org\\\/es\\\/nuestros-programas\\\/investiga\\\/prioridades-de-investigacion\\\/#primaryimage\"},\"thumbnailUrl\":\"https:\\\/\\\/fightcolorectalcancer.org\\\/wp-content\\\/uploads\\\/2025\\\/12\\\/united-in-blue-rally-2024_53595550268_o.jpg\",\"datePublished\":\"2025-11-11T03:10:04+00:00\",\"dateModified\":\"2026-05-05T18:48:51+00:00\",\"breadcrumb\":{\"@id\":\"https:\\\/\\\/fightcolorectalcancer.org\\\/es\\\/nuestros-programas\\\/investiga\\\/prioridades-de-investigacion\\\/#breadcrumb\"},\"inLanguage\":\"es\",\"potentialAction\":[{\"@type\":\"ReadAction\",\"target\":[\"https:\\\/\\\/fightcolorectalcancer.org\\\/es\\\/nuestros-programas\\\/investiga\\\/prioridades-de-investigacion\\\/\"]}]},{\"@type\":\"ImageObject\",\"inLanguage\":\"es\",\"@id\":\"https:\\\/\\\/fightcolorectalcancer.org\\\/es\\\/nuestros-programas\\\/investiga\\\/prioridades-de-investigacion\\\/#primaryimage\",\"url\":\"https:\\\/\\\/fightcolorectalcancer.org\\\/wp-content\\\/uploads\\\/2025\\\/12\\\/united-in-blue-rally-2024_53595550268_o.jpg\",\"contentUrl\":\"https:\\\/\\\/fightcolorectalcancer.org\\\/wp-content\\\/uploads\\\/2025\\\/12\\\/united-in-blue-rally-2024_53595550268_o.jpg\",\"width\":2560,\"height\":1707,\"caption\":\"WASHINGTON, DC - 12 DE MARZO: Defensores de Fight CRC se re\u00fanen en la instalaci\u00f3n de Fight Colorectal Cancer \\\"United in Blue Flag\\\" en el National Mall, destacando el aumento de casos de c\u00e1ncer colorrectal en adultos j\u00f3venes, el 12 de marzo de 2024 en Washington, DC. (Foto de Paul Morigi\\\/Getty Images para Fight Colorectal Cancer)\"},{\"@type\":\"BreadcrumbList\",\"@id\":\"https:\\\/\\\/fightcolorectalcancer.org\\\/es\\\/nuestros-programas\\\/investiga\\\/prioridades-de-investigacion\\\/#breadcrumb\",\"itemListElement\":[{\"@type\":\"ListItem\",\"position\":1,\"name\":\"P\u00e1gina de inicio\",\"item\":\"https:\\\/\\\/fightcolorectalcancer.org\\\/es\\\/\"},{\"@type\":\"ListItem\",\"position\":2,\"name\":\"Nuestros programas\",\"item\":\"https:\\\/\\\/fightcolorectalcancer.org\\\/es\\\/nuestros-programas\\\/\"},{\"@type\":\"ListItem\",\"position\":3,\"name\":\"Investiga\",\"item\":\"https:\\\/\\\/fightcolorectalcancer.org\\\/es\\\/nuestros-programas\\\/investiga\\\/\"},{\"@type\":\"ListItem\",\"position\":4,\"name\":\"Prioridades de investigaci\u00f3n\"}]},{\"@type\":\"WebSite\",\"@id\":\"https:\\\/\\\/fightcolorectalcancer.org\\\/es\\\/#website\",\"url\":\"https:\\\/\\\/fightcolorectalcancer.org\\\/es\\\/\",\"name\":\"Fight Colorectal Cancer\",\"description\":\"\",\"publisher\":{\"@id\":\"https:\\\/\\\/fightcolorectalcancer.org\\\/es\\\/#organization\"},\"potentialAction\":[{\"@type\":\"SearchAction\",\"target\":{\"@type\":\"EntryPoint\",\"urlTemplate\":\"https:\\\/\\\/fightcolorectalcancer.org\\\/es\\\/?s={search_term_string}\"},\"query-input\":{\"@type\":\"PropertyValueSpecification\",\"valueRequired\":true,\"valueName\":\"search_term_string\"}}],\"inLanguage\":\"es\"},{\"@type\":\"Organization\",\"@id\":\"https:\\\/\\\/fightcolorectalcancer.org\\\/es\\\/#organization\",\"name\":\"Fight Colorectal Cancer\",\"url\":\"https:\\\/\\\/fightcolorectalcancer.org\\\/es\\\/\",\"logo\":{\"@type\":\"ImageObject\",\"inLanguage\":\"es\",\"@id\":\"https:\\\/\\\/fightcolorectalcancer.org\\\/es\\\/#\\\/schema\\\/logo\\\/image\\\/\",\"url\":\"https:\\\/\\\/fightcolorectalcancer.org\\\/wp-content\\\/uploads\\\/2025\\\/10\\\/e64f86851297bb53f096acdf76c859a294e23b96-1-1.png\",\"contentUrl\":\"https:\\\/\\\/fightcolorectalcancer.org\\\/wp-content\\\/uploads\\\/2025\\\/10\\\/e64f86851297bb53f096acdf76c859a294e23b96-1-1.png\",\"width\":1265,\"height\":450,\"caption\":\"Fight Colorectal Cancer\"},\"image\":{\"@id\":\"https:\\\/\\\/fightcolorectalcancer.org\\\/es\\\/#\\\/schema\\\/logo\\\/image\\\/\"},\"sameAs\":[\"https:\\\/\\\/www.facebook.com\\\/FightCRC\\\/\",\"https:\\\/\\\/x.com\\\/fightcrc\",\"https:\\\/\\\/www.instagram.com\\\/fightcrc\\\/\",\"https:\\\/\\\/www.youtube.com\\\/@FightCRC\",\"https:\\\/\\\/www.tiktok.com\\\/@fightcrc\",\"https:\\\/\\\/www.linkedin.com\\\/company\\\/fight-colorectal-cancer\\\/\",\"https:\\\/\\\/bsky.app\\\/profile\\\/fightcrc.bsky.social\"]}]}<\/script>\n<!-- \/ Yoast SEO plugin. -->","yoast_head_json":{"title":"Prioridades de investigaci\u00f3n - FightCRC","robots":{"index":"index","follow":"follow","max-snippet":"max-snippet:-1","max-image-preview":"max-image-preview:large","max-video-preview":"max-video-preview:-1"},"canonical":"https:\/\/fightcolorectalcancer.org\/es\/nuestros-programas\/investiga\/prioridades-de-investigacion\/","og_locale":"es_ES","og_type":"article","og_title":"Prioridades de investigaci\u00f3n - FightCRC","og_description":"Explora las prioridades de investigaci\u00f3n que gu\u00edan las inversiones de Fight CRC, desde el c\u00e1ncer colorrectal de inicio precoz hasta los biomarcadores, la medicina de precisi\u00f3n y la supervivencia.","og_url":"https:\/\/fightcolorectalcancer.org\/es\/nuestros-programas\/investiga\/prioridades-de-investigacion\/","og_site_name":"FightCRC","article_publisher":"https:\/\/www.facebook.com\/FightCRC\/","article_modified_time":"2026-05-05T18:48:51+00:00","og_image":[{"width":2560,"height":1707,"url":"https:\/\/fightcolorectalcancer.org\/wp-content\/uploads\/2025\/12\/united-in-blue-rally-2024_53595550268_o.jpg","type":"image\/jpeg"}],"twitter_card":"summary_large_image","twitter_site":"@fightcrc","schema":{"@context":"https:\/\/schema.org","@graph":[{"@type":"WebPage","@id":"https:\/\/fightcolorectalcancer.org\/es\/nuestros-programas\/investiga\/prioridades-de-investigacion\/","url":"https:\/\/fightcolorectalcancer.org\/es\/nuestros-programas\/investiga\/prioridades-de-investigacion\/","name":"Prioridades de investigaci\u00f3n - FightCRC","isPartOf":{"@id":"https:\/\/fightcolorectalcancer.org\/es\/#website"},"primaryImageOfPage":{"@id":"https:\/\/fightcolorectalcancer.org\/es\/nuestros-programas\/investiga\/prioridades-de-investigacion\/#primaryimage"},"image":{"@id":"https:\/\/fightcolorectalcancer.org\/es\/nuestros-programas\/investiga\/prioridades-de-investigacion\/#primaryimage"},"thumbnailUrl":"https:\/\/fightcolorectalcancer.org\/wp-content\/uploads\/2025\/12\/united-in-blue-rally-2024_53595550268_o.jpg","datePublished":"2025-11-11T03:10:04+00:00","dateModified":"2026-05-05T18:48:51+00:00","breadcrumb":{"@id":"https:\/\/fightcolorectalcancer.org\/es\/nuestros-programas\/investiga\/prioridades-de-investigacion\/#breadcrumb"},"inLanguage":"es","potentialAction":[{"@type":"ReadAction","target":["https:\/\/fightcolorectalcancer.org\/es\/nuestros-programas\/investiga\/prioridades-de-investigacion\/"]}]},{"@type":"ImageObject","inLanguage":"es","@id":"https:\/\/fightcolorectalcancer.org\/es\/nuestros-programas\/investiga\/prioridades-de-investigacion\/#primaryimage","url":"https:\/\/fightcolorectalcancer.org\/wp-content\/uploads\/2025\/12\/united-in-blue-rally-2024_53595550268_o.jpg","contentUrl":"https:\/\/fightcolorectalcancer.org\/wp-content\/uploads\/2025\/12\/united-in-blue-rally-2024_53595550268_o.jpg","width":2560,"height":1707,"caption":"WASHINGTON, DC - 12 DE MARZO: Defensores de Fight CRC se re\u00fanen en la instalaci\u00f3n de Fight Colorectal Cancer \"United in Blue Flag\" en el National Mall, destacando el aumento de casos de c\u00e1ncer colorrectal en adultos j\u00f3venes, el 12 de marzo de 2024 en Washington, DC. (Foto de Paul Morigi\/Getty Images para Fight Colorectal Cancer)"},{"@type":"BreadcrumbList","@id":"https:\/\/fightcolorectalcancer.org\/es\/nuestros-programas\/investiga\/prioridades-de-investigacion\/#breadcrumb","itemListElement":[{"@type":"ListItem","position":1,"name":"P\u00e1gina de inicio","item":"https:\/\/fightcolorectalcancer.org\/es\/"},{"@type":"ListItem","position":2,"name":"Nuestros programas","item":"https:\/\/fightcolorectalcancer.org\/es\/nuestros-programas\/"},{"@type":"ListItem","position":3,"name":"Investiga","item":"https:\/\/fightcolorectalcancer.org\/es\/nuestros-programas\/investiga\/"},{"@type":"ListItem","position":4,"name":"Prioridades de investigaci\u00f3n"}]},{"@type":"WebSite","@id":"https:\/\/fightcolorectalcancer.org\/es\/#website","url":"https:\/\/fightcolorectalcancer.org\/es\/","name":"Fight Colorectal Cancer","description":"","publisher":{"@id":"https:\/\/fightcolorectalcancer.org\/es\/#organization"},"potentialAction":[{"@type":"SearchAction","target":{"@type":"EntryPoint","urlTemplate":"https:\/\/fightcolorectalcancer.org\/es\/?s={search_term_string}"},"query-input":{"@type":"PropertyValueSpecification","valueRequired":true,"valueName":"search_term_string"}}],"inLanguage":"es"},{"@type":"Organization","@id":"https:\/\/fightcolorectalcancer.org\/es\/#organization","name":"Fight Colorectal Cancer","url":"https:\/\/fightcolorectalcancer.org\/es\/","logo":{"@type":"ImageObject","inLanguage":"es","@id":"https:\/\/fightcolorectalcancer.org\/es\/#\/schema\/logo\/image\/","url":"https:\/\/fightcolorectalcancer.org\/wp-content\/uploads\/2025\/10\/e64f86851297bb53f096acdf76c859a294e23b96-1-1.png","contentUrl":"https:\/\/fightcolorectalcancer.org\/wp-content\/uploads\/2025\/10\/e64f86851297bb53f096acdf76c859a294e23b96-1-1.png","width":1265,"height":450,"caption":"Fight Colorectal Cancer"},"image":{"@id":"https:\/\/fightcolorectalcancer.org\/es\/#\/schema\/logo\/image\/"},"sameAs":["https:\/\/www.facebook.com\/FightCRC\/","https:\/\/x.com\/fightcrc","https:\/\/www.instagram.com\/fightcrc\/","https:\/\/www.youtube.com\/@FightCRC","https:\/\/www.tiktok.com\/@fightcrc","https:\/\/www.linkedin.com\/company\/fight-colorectal-cancer\/","https:\/\/bsky.app\/profile\/fightcrc.bsky.social"]}]}},"_links":{"self":[{"href":"https:\/\/fightcolorectalcancer.org\/es\/wp-json\/wp\/v2\/pages\/206013","targetHints":{"allow":["GET"]}}],"collection":[{"href":"https:\/\/fightcolorectalcancer.org\/es\/wp-json\/wp\/v2\/pages"}],"about":[{"href":"https:\/\/fightcolorectalcancer.org\/es\/wp-json\/wp\/v2\/types\/page"}],"author":[{"embeddable":true,"href":"https:\/\/fightcolorectalcancer.org\/es\/wp-json\/wp\/v2\/users\/3"}],"replies":[{"embeddable":true,"href":"https:\/\/fightcolorectalcancer.org\/es\/wp-json\/wp\/v2\/comments?post=206013"}],"version-history":[{"count":0,"href":"https:\/\/fightcolorectalcancer.org\/es\/wp-json\/wp\/v2\/pages\/206013\/revisions"}],"up":[{"embeddable":true,"href":"https:\/\/fightcolorectalcancer.org\/es\/wp-json\/wp\/v2\/pages\/205410"}],"wp:featuredmedia":[{"embeddable":true,"href":"https:\/\/fightcolorectalcancer.org\/es\/wp-json\/wp\/v2\/media\/206014"}],"wp:attachment":[{"href":"https:\/\/fightcolorectalcancer.org\/es\/wp-json\/wp\/v2\/media?parent=206013"}],"curies":[{"name":"wp","href":"https:\/\/api.w.org\/{rel}","templated":true}]}}