{"id":206265,"date":"2025-11-10T19:26:59","date_gmt":"2025-11-11T00:26:59","guid":{"rendered":"https:\/\/fightcolorectalcancer.org\/pacientes-y-cuidadores\/educacion-y-recursos\/tu-equipo-asistencial\/"},"modified":"2025-11-10T19:26:59","modified_gmt":"2025-11-11T00:26:59","slug":"tu-equipo-asistencial","status":"publish","type":"page","link":"https:\/\/fightcolorectalcancer.org\/es\/pacientes-y-cuidadores\/educacion-y-recursos\/tu-equipo-asistencial\/","title":{"rendered":"Tu equipo asistencial"},"content":{"rendered":"","protected":false},"excerpt":{"rendered":"<p>Comprende las funciones de tu equipo asistencial (onc\u00f3logos, cirujanos, enfermeras, asesores, etc.) y c\u00f3mo trabajan juntos para guiar tu tratamiento y satisfacer tus necesidades.<\/p>\n","protected":false},"author":3,"featured_media":206270,"parent":205135,"menu_order":0,"comment_status":"closed","ping_status":"closed","template":"page-table-contents.php","meta":{"_acf_changed":false,"footnotes":""},"class_list":["post-206265","page","type-page","status-publish","has-post-thumbnail","hentry"],"acf":[],"yoast_head":"<!-- This site is optimized with the Yoast SEO plugin v27.4 - https:\/\/yoast.com\/product\/yoast-seo-wordpress\/ -->\n<title>Tu equipo asistencial - FightCRC<\/title>\n<meta name=\"robots\" content=\"index, follow, max-snippet:-1, max-image-preview:large, max-video-preview:-1\" \/>\n<link rel=\"canonical\" href=\"https:\/\/fightcolorectalcancer.org\/es\/pacientes-y-cuidadores\/educacion-y-recursos\/tu-equipo-asistencial\/\" \/>\n<meta property=\"og:locale\" content=\"es_ES\" \/>\n<meta property=\"og:type\" content=\"article\" \/>\n<meta property=\"og:title\" content=\"Tu equipo asistencial - FightCRC\" \/>\n<meta property=\"og:description\" content=\"Comprende las funciones de tu equipo asistencial (onc\u00f3logos, cirujanos, enfermeras, asesores, etc.) y c\u00f3mo trabajan juntos para guiar tu tratamiento y satisfacer tus necesidades.\" \/>\n<meta property=\"og:url\" content=\"https:\/\/fightcolorectalcancer.org\/es\/pacientes-y-cuidadores\/educacion-y-recursos\/tu-equipo-asistencial\/\" \/>\n<meta property=\"og:site_name\" content=\"FightCRC\" \/>\n<meta property=\"article:publisher\" content=\"https:\/\/www.facebook.com\/FightCRC\/\" \/>\n<meta property=\"og:image\" content=\"https:\/\/fightcolorectalcancer.org\/wp-content\/uploads\/2025\/11\/2204448196-scaled.jpg\" \/>\n\t<meta property=\"og:image:width\" content=\"2560\" \/>\n\t<meta property=\"og:image:height\" content=\"1754\" \/>\n\t<meta property=\"og:image:type\" content=\"image\/jpeg\" \/>\n<meta name=\"twitter:card\" content=\"summary_large_image\" \/>\n<meta name=\"twitter:site\" content=\"@fightcrc\" \/>\n<script type=\"application\/ld+json\" class=\"yoast-schema-graph\">{\"@context\":\"https:\\\/\\\/schema.org\",\"@graph\":[{\"@type\":\"WebPage\",\"@id\":\"https:\\\/\\\/fightcolorectalcancer.org\\\/es\\\/pacientes-y-cuidadores\\\/educacion-y-recursos\\\/tu-equipo-asistencial\\\/\",\"url\":\"https:\\\/\\\/fightcolorectalcancer.org\\\/es\\\/pacientes-y-cuidadores\\\/educacion-y-recursos\\\/tu-equipo-asistencial\\\/\",\"name\":\"Tu equipo asistencial - FightCRC\",\"isPartOf\":{\"@id\":\"https:\\\/\\\/fightcolorectalcancer.org\\\/es\\\/#website\"},\"primaryImageOfPage\":{\"@id\":\"https:\\\/\\\/fightcolorectalcancer.org\\\/es\\\/pacientes-y-cuidadores\\\/educacion-y-recursos\\\/tu-equipo-asistencial\\\/#primaryimage\"},\"image\":{\"@id\":\"https:\\\/\\\/fightcolorectalcancer.org\\\/es\\\/pacientes-y-cuidadores\\\/educacion-y-recursos\\\/tu-equipo-asistencial\\\/#primaryimage\"},\"thumbnailUrl\":\"https:\\\/\\\/fightcolorectalcancer.org\\\/wp-content\\\/uploads\\\/2025\\\/11\\\/2204448196-scaled.jpg\",\"datePublished\":\"2025-11-11T00:26:59+00:00\",\"breadcrumb\":{\"@id\":\"https:\\\/\\\/fightcolorectalcancer.org\\\/es\\\/pacientes-y-cuidadores\\\/educacion-y-recursos\\\/tu-equipo-asistencial\\\/#breadcrumb\"},\"inLanguage\":\"es\",\"potentialAction\":[{\"@type\":\"ReadAction\",\"target\":[\"https:\\\/\\\/fightcolorectalcancer.org\\\/es\\\/pacientes-y-cuidadores\\\/educacion-y-recursos\\\/tu-equipo-asistencial\\\/\"]}]},{\"@type\":\"ImageObject\",\"inLanguage\":\"es\",\"@id\":\"https:\\\/\\\/fightcolorectalcancer.org\\\/es\\\/pacientes-y-cuidadores\\\/educacion-y-recursos\\\/tu-equipo-asistencial\\\/#primaryimage\",\"url\":\"https:\\\/\\\/fightcolorectalcancer.org\\\/wp-content\\\/uploads\\\/2025\\\/11\\\/2204448196-scaled.jpg\",\"contentUrl\":\"https:\\\/\\\/fightcolorectalcancer.org\\\/wp-content\\\/uploads\\\/2025\\\/11\\\/2204448196-scaled.jpg\",\"width\":2560,\"height\":1754,\"caption\":\"WASHINGTON, DC - 10 DE MARZO: Supervivientes de c\u00e1ncer, seres queridos y defensores del c\u00e1ncer colorrectal asisten a una concentraci\u00f3n en la instalaci\u00f3n de la bandera \\\"United in Blue\\\" de Fight Colorectal Cancer en el National Mall para destacar el aumento de casos de c\u00e1ncer colorrectal en adultos j\u00f3venes el 10 de marzo de 2025 en Washington, DC. La instalaci\u00f3n es una representaci\u00f3n visual de las m\u00e1s de 27.400 personas menores de 50 a\u00f1os a las que se calcula que se diagnosticar\u00e1 c\u00e1ncer colorrectal en 2030. (Foto de Paul Morigi\\\/Getty Images para Fight Colorectal Cancer)\"},{\"@type\":\"BreadcrumbList\",\"@id\":\"https:\\\/\\\/fightcolorectalcancer.org\\\/es\\\/pacientes-y-cuidadores\\\/educacion-y-recursos\\\/tu-equipo-asistencial\\\/#breadcrumb\",\"itemListElement\":[{\"@type\":\"ListItem\",\"position\":1,\"name\":\"P\u00e1gina de inicio\",\"item\":\"https:\\\/\\\/fightcolorectalcancer.org\\\/es\\\/\"},{\"@type\":\"ListItem\",\"position\":2,\"name\":\"Pacientes y cuidadores\",\"item\":\"https:\\\/\\\/fightcolorectalcancer.org\\\/es\\\/pacientes-y-cuidadores\\\/\"},{\"@type\":\"ListItem\",\"position\":3,\"name\":\"Educaci\u00f3n y recursos\",\"item\":\"https:\\\/\\\/fightcolorectalcancer.org\\\/es\\\/pacientes-y-cuidadores\\\/educacion-y-recursos\\\/\"},{\"@type\":\"ListItem\",\"position\":4,\"name\":\"Tu equipo asistencial\"}]},{\"@type\":\"WebSite\",\"@id\":\"https:\\\/\\\/fightcolorectalcancer.org\\\/es\\\/#website\",\"url\":\"https:\\\/\\\/fightcolorectalcancer.org\\\/es\\\/\",\"name\":\"Fight Colorectal Cancer\",\"description\":\"\",\"publisher\":{\"@id\":\"https:\\\/\\\/fightcolorectalcancer.org\\\/es\\\/#organization\"},\"potentialAction\":[{\"@type\":\"SearchAction\",\"target\":{\"@type\":\"EntryPoint\",\"urlTemplate\":\"https:\\\/\\\/fightcolorectalcancer.org\\\/es\\\/?s={search_term_string}\"},\"query-input\":{\"@type\":\"PropertyValueSpecification\",\"valueRequired\":true,\"valueName\":\"search_term_string\"}}],\"inLanguage\":\"es\"},{\"@type\":\"Organization\",\"@id\":\"https:\\\/\\\/fightcolorectalcancer.org\\\/es\\\/#organization\",\"name\":\"Fight Colorectal Cancer\",\"url\":\"https:\\\/\\\/fightcolorectalcancer.org\\\/es\\\/\",\"logo\":{\"@type\":\"ImageObject\",\"inLanguage\":\"es\",\"@id\":\"https:\\\/\\\/fightcolorectalcancer.org\\\/es\\\/#\\\/schema\\\/logo\\\/image\\\/\",\"url\":\"https:\\\/\\\/fightcolorectalcancer.org\\\/wp-content\\\/uploads\\\/2025\\\/10\\\/e64f86851297bb53f096acdf76c859a294e23b96-1-1.png\",\"contentUrl\":\"https:\\\/\\\/fightcolorectalcancer.org\\\/wp-content\\\/uploads\\\/2025\\\/10\\\/e64f86851297bb53f096acdf76c859a294e23b96-1-1.png\",\"width\":1265,\"height\":450,\"caption\":\"Fight Colorectal Cancer\"},\"image\":{\"@id\":\"https:\\\/\\\/fightcolorectalcancer.org\\\/es\\\/#\\\/schema\\\/logo\\\/image\\\/\"},\"sameAs\":[\"https:\\\/\\\/www.facebook.com\\\/FightCRC\\\/\",\"https:\\\/\\\/x.com\\\/fightcrc\",\"https:\\\/\\\/www.instagram.com\\\/fightcrc\\\/\",\"https:\\\/\\\/www.youtube.com\\\/@FightCRC\",\"https:\\\/\\\/www.tiktok.com\\\/@fightcrc\",\"https:\\\/\\\/www.linkedin.com\\\/company\\\/fight-colorectal-cancer\\\/\",\"https:\\\/\\\/bsky.app\\\/profile\\\/fightcrc.bsky.social\"]}]}<\/script>\n<!-- \/ Yoast SEO plugin. -->","yoast_head_json":{"title":"Tu equipo asistencial - FightCRC","robots":{"index":"index","follow":"follow","max-snippet":"max-snippet:-1","max-image-preview":"max-image-preview:large","max-video-preview":"max-video-preview:-1"},"canonical":"https:\/\/fightcolorectalcancer.org\/es\/pacientes-y-cuidadores\/educacion-y-recursos\/tu-equipo-asistencial\/","og_locale":"es_ES","og_type":"article","og_title":"Tu equipo asistencial - FightCRC","og_description":"Comprende las funciones de tu equipo asistencial (onc\u00f3logos, cirujanos, enfermeras, asesores, etc.) y c\u00f3mo trabajan juntos para guiar tu tratamiento y satisfacer tus necesidades.","og_url":"https:\/\/fightcolorectalcancer.org\/es\/pacientes-y-cuidadores\/educacion-y-recursos\/tu-equipo-asistencial\/","og_site_name":"FightCRC","article_publisher":"https:\/\/www.facebook.com\/FightCRC\/","og_image":[{"width":2560,"height":1754,"url":"https:\/\/fightcolorectalcancer.org\/wp-content\/uploads\/2025\/11\/2204448196-scaled.jpg","type":"image\/jpeg"}],"twitter_card":"summary_large_image","twitter_site":"@fightcrc","schema":{"@context":"https:\/\/schema.org","@graph":[{"@type":"WebPage","@id":"https:\/\/fightcolorectalcancer.org\/es\/pacientes-y-cuidadores\/educacion-y-recursos\/tu-equipo-asistencial\/","url":"https:\/\/fightcolorectalcancer.org\/es\/pacientes-y-cuidadores\/educacion-y-recursos\/tu-equipo-asistencial\/","name":"Tu equipo asistencial - FightCRC","isPartOf":{"@id":"https:\/\/fightcolorectalcancer.org\/es\/#website"},"primaryImageOfPage":{"@id":"https:\/\/fightcolorectalcancer.org\/es\/pacientes-y-cuidadores\/educacion-y-recursos\/tu-equipo-asistencial\/#primaryimage"},"image":{"@id":"https:\/\/fightcolorectalcancer.org\/es\/pacientes-y-cuidadores\/educacion-y-recursos\/tu-equipo-asistencial\/#primaryimage"},"thumbnailUrl":"https:\/\/fightcolorectalcancer.org\/wp-content\/uploads\/2025\/11\/2204448196-scaled.jpg","datePublished":"2025-11-11T00:26:59+00:00","breadcrumb":{"@id":"https:\/\/fightcolorectalcancer.org\/es\/pacientes-y-cuidadores\/educacion-y-recursos\/tu-equipo-asistencial\/#breadcrumb"},"inLanguage":"es","potentialAction":[{"@type":"ReadAction","target":["https:\/\/fightcolorectalcancer.org\/es\/pacientes-y-cuidadores\/educacion-y-recursos\/tu-equipo-asistencial\/"]}]},{"@type":"ImageObject","inLanguage":"es","@id":"https:\/\/fightcolorectalcancer.org\/es\/pacientes-y-cuidadores\/educacion-y-recursos\/tu-equipo-asistencial\/#primaryimage","url":"https:\/\/fightcolorectalcancer.org\/wp-content\/uploads\/2025\/11\/2204448196-scaled.jpg","contentUrl":"https:\/\/fightcolorectalcancer.org\/wp-content\/uploads\/2025\/11\/2204448196-scaled.jpg","width":2560,"height":1754,"caption":"WASHINGTON, DC - 10 DE MARZO: Supervivientes de c\u00e1ncer, seres queridos y defensores del c\u00e1ncer colorrectal asisten a una concentraci\u00f3n en la instalaci\u00f3n de la bandera \"United in Blue\" de Fight Colorectal Cancer en el National Mall para destacar el aumento de casos de c\u00e1ncer colorrectal en adultos j\u00f3venes el 10 de marzo de 2025 en Washington, DC. La instalaci\u00f3n es una representaci\u00f3n visual de las m\u00e1s de 27.400 personas menores de 50 a\u00f1os a las que se calcula que se diagnosticar\u00e1 c\u00e1ncer colorrectal en 2030. (Foto de Paul Morigi\/Getty Images para Fight Colorectal Cancer)"},{"@type":"BreadcrumbList","@id":"https:\/\/fightcolorectalcancer.org\/es\/pacientes-y-cuidadores\/educacion-y-recursos\/tu-equipo-asistencial\/#breadcrumb","itemListElement":[{"@type":"ListItem","position":1,"name":"P\u00e1gina de inicio","item":"https:\/\/fightcolorectalcancer.org\/es\/"},{"@type":"ListItem","position":2,"name":"Pacientes y cuidadores","item":"https:\/\/fightcolorectalcancer.org\/es\/pacientes-y-cuidadores\/"},{"@type":"ListItem","position":3,"name":"Educaci\u00f3n y recursos","item":"https:\/\/fightcolorectalcancer.org\/es\/pacientes-y-cuidadores\/educacion-y-recursos\/"},{"@type":"ListItem","position":4,"name":"Tu equipo asistencial"}]},{"@type":"WebSite","@id":"https:\/\/fightcolorectalcancer.org\/es\/#website","url":"https:\/\/fightcolorectalcancer.org\/es\/","name":"Fight Colorectal Cancer","description":"","publisher":{"@id":"https:\/\/fightcolorectalcancer.org\/es\/#organization"},"potentialAction":[{"@type":"SearchAction","target":{"@type":"EntryPoint","urlTemplate":"https:\/\/fightcolorectalcancer.org\/es\/?s={search_term_string}"},"query-input":{"@type":"PropertyValueSpecification","valueRequired":true,"valueName":"search_term_string"}}],"inLanguage":"es"},{"@type":"Organization","@id":"https:\/\/fightcolorectalcancer.org\/es\/#organization","name":"Fight Colorectal Cancer","url":"https:\/\/fightcolorectalcancer.org\/es\/","logo":{"@type":"ImageObject","inLanguage":"es","@id":"https:\/\/fightcolorectalcancer.org\/es\/#\/schema\/logo\/image\/","url":"https:\/\/fightcolorectalcancer.org\/wp-content\/uploads\/2025\/10\/e64f86851297bb53f096acdf76c859a294e23b96-1-1.png","contentUrl":"https:\/\/fightcolorectalcancer.org\/wp-content\/uploads\/2025\/10\/e64f86851297bb53f096acdf76c859a294e23b96-1-1.png","width":1265,"height":450,"caption":"Fight Colorectal Cancer"},"image":{"@id":"https:\/\/fightcolorectalcancer.org\/es\/#\/schema\/logo\/image\/"},"sameAs":["https:\/\/www.facebook.com\/FightCRC\/","https:\/\/x.com\/fightcrc","https:\/\/www.instagram.com\/fightcrc\/","https:\/\/www.youtube.com\/@FightCRC","https:\/\/www.tiktok.com\/@fightcrc","https:\/\/www.linkedin.com\/company\/fight-colorectal-cancer\/","https:\/\/bsky.app\/profile\/fightcrc.bsky.social"]}]}},"_links":{"self":[{"href":"https:\/\/fightcolorectalcancer.org\/es\/wp-json\/wp\/v2\/pages\/206265","targetHints":{"allow":["GET"]}}],"collection":[{"href":"https:\/\/fightcolorectalcancer.org\/es\/wp-json\/wp\/v2\/pages"}],"about":[{"href":"https:\/\/fightcolorectalcancer.org\/es\/wp-json\/wp\/v2\/types\/page"}],"author":[{"embeddable":true,"href":"https:\/\/fightcolorectalcancer.org\/es\/wp-json\/wp\/v2\/users\/3"}],"replies":[{"embeddable":true,"href":"https:\/\/fightcolorectalcancer.org\/es\/wp-json\/wp\/v2\/comments?post=206265"}],"version-history":[{"count":0,"href":"https:\/\/fightcolorectalcancer.org\/es\/wp-json\/wp\/v2\/pages\/206265\/revisions"}],"up":[{"embeddable":true,"href":"https:\/\/fightcolorectalcancer.org\/es\/wp-json\/wp\/v2\/pages\/205135"}],"wp:featuredmedia":[{"embeddable":true,"href":"https:\/\/fightcolorectalcancer.org\/es\/wp-json\/wp\/v2\/media\/206270"}],"wp:attachment":[{"href":"https:\/\/fightcolorectalcancer.org\/es\/wp-json\/wp\/v2\/media?parent=206265"}],"curies":[{"name":"wp","href":"https:\/\/api.w.org\/{rel}","templated":true}]}}